{"id":90900,"date":"2025-11-04T22:45:52","date_gmt":"2025-11-04T22:45:52","guid":{"rendered":"https:\/\/promis.ro\/product\/ciara\/"},"modified":"2025-11-11T15:42:52","modified_gmt":"2025-11-11T15:42:52","slug":"ciara","status":"publish","type":"product","link":"https:\/\/promis.ro\/ro\/produs\/ciara\/","title":{"rendered":"Ciara"},"content":{"rendered":"<p>Set de caiet \u0219i pix cu bil\u0103. Caiet cu copert\u0103 tare RABS, cu binder cu inele, \u00eempreun\u0103 cu un pix cu bil\u0103 asortat. Dimensiune A5, cu \u00eenchidere elastic\u0103 elegant\u0103 disponibil\u0103 \u00eentr-o gam\u0103 larg\u0103 de culori. Interior cu 70 de pagini albe cu layout cu o singur\u0103 linie. Pix cu bil\u0103 cu mecanism cu buton \u00een RABS, cu cerneal\u0103 albastr\u0103, inclusiv logo-ul RABS. Prezentat \u00eentr-un pouch individual reciclat.<\/p>","protected":false},"excerpt":{"rendered":"<p>Set de caiet \u0219i pix cu bil\u0103. Caiet cu copert\u0103 tare RABS, cu binder cu inele, \u00eempreun\u0103 cu un pix<\/p>","protected":false},"featured_media":129891,"comment_status":"open","ping_status":"closed","template":"","meta":[],"product_brand":[],"product_cat":[171],"product_tag":[],"class_list":{"0":"post-90900","1":"product","2":"type-product","3":"status-publish","4":"has-post-thumbnail","6":"product_cat-birou-si-business","8":"first","9":"instock","10":"shipping-taxable","11":"purchasable","12":"product-type-variable"},"_links":{"self":[{"href":"https:\/\/promis.ro\/ro\/wp-json\/wp\/v2\/product\/90900","targetHints":{"allow":["GET"]}}],"collection":[{"href":"https:\/\/promis.ro\/ro\/wp-json\/wp\/v2\/product"}],"about":[{"href":"https:\/\/promis.ro\/ro\/wp-json\/wp\/v2\/types\/product"}],"replies":[{"embeddable":true,"href":"https:\/\/promis.ro\/ro\/wp-json\/wp\/v2\/comments?post=90900"}],"version-history":[{"count":1,"href":"https:\/\/promis.ro\/ro\/wp-json\/wp\/v2\/product\/90900\/revisions"}],"predecessor-version":[{"id":110969,"href":"https:\/\/promis.ro\/ro\/wp-json\/wp\/v2\/product\/90900\/revisions\/110969"}],"wp:featuredmedia":[{"embeddable":true,"href":"https:\/\/promis.ro\/ro\/wp-json\/wp\/v2\/media\/129891"}],"wp:attachment":[{"href":"https:\/\/promis.ro\/ro\/wp-json\/wp\/v2\/media?parent=90900"}],"wp:term":[{"taxonomy":"product_brand","embeddable":true,"href":"https:\/\/promis.ro\/ro\/wp-json\/wp\/v2\/product_brand?post=90900"},{"taxonomy":"product_cat","embeddable":true,"href":"https:\/\/promis.ro\/ro\/wp-json\/wp\/v2\/product_cat?post=90900"},{"taxonomy":"product_tag","embeddable":true,"href":"https:\/\/promis.ro\/ro\/wp-json\/wp\/v2\/product_tag?post=90900"}],"curies":[{"name":"wp","href":"https:\/\/api.w.org\/{rel}","templated":true}]}}