{"id":91342,"date":"2025-11-04T22:49:18","date_gmt":"2025-11-04T22:49:18","guid":{"rendered":"https:\/\/promis.ro\/product\/kiefer\/"},"modified":"2025-11-11T15:37:47","modified_gmt":"2025-11-11T15:37:47","slug":"kiefer","status":"publish","type":"product","link":"https:\/\/promis.ro\/ro\/produs\/kiefer\/","title":{"rendered":"Kiefer"},"content":{"rendered":"<pre>Box\u0103 wireless cu conexiune Bluetooth\u00ae \u0219i putere de 3W. Cu carcas\u0103 din bambus natural \u00een combina\u021bie cu tapi\u021berie din bumbac. Compact\u0103 ca dimensiune \u0219i cu m\u00e2nere de transport utile din bumbac. Baterie litiu de 300mAh, cablu de \u00eenc\u0103rcare Type C inclus. Prezentat\u0103 \u00eentr-o cutie de design kraft individual\u0103. Manual de instruc\u021biuni disponibil \u00een englez\u0103 \u0219i spaniol\u0103. Materiale precum bambusul promoveaz\u0103 utilizarea materiilor prime naturale \u0219i reduc emisiile de poluan\u021bi. \u00cen plus, bambusul provine dintr-o plant\u0103 foarte rezistent\u0103 \u0219i versatil\u0103, cu cre\u0219tere \u0219i regenerare rapid\u0103, fiind o alternativ\u0103 excelent\u0103 la utilizarea lemnului tradi\u021bional.<\/pre>","protected":false},"excerpt":{"rendered":"<p>Box\u0103 wireless cu conexiune Bluetooth\u00ae \u0219i putere de 3W. Cu carcas\u0103 din bambus natural \u00een combina\u021bie cu tapi\u021berie din bumbac.<\/p>","protected":false},"featured_media":130079,"comment_status":"open","ping_status":"closed","template":"","meta":[],"product_brand":[],"product_cat":[197],"product_tag":[],"class_list":{"0":"post-91342","1":"product","2":"type-product","3":"status-publish","4":"has-post-thumbnail","6":"product_cat-articole-durabile","8":"first","9":"instock","10":"shipping-taxable","11":"purchasable","12":"product-type-simple"},"_links":{"self":[{"href":"https:\/\/promis.ro\/ro\/wp-json\/wp\/v2\/product\/91342","targetHints":{"allow":["GET"]}}],"collection":[{"href":"https:\/\/promis.ro\/ro\/wp-json\/wp\/v2\/product"}],"about":[{"href":"https:\/\/promis.ro\/ro\/wp-json\/wp\/v2\/types\/product"}],"replies":[{"embeddable":true,"href":"https:\/\/promis.ro\/ro\/wp-json\/wp\/v2\/comments?post=91342"}],"version-history":[{"count":1,"href":"https:\/\/promis.ro\/ro\/wp-json\/wp\/v2\/product\/91342\/revisions"}],"predecessor-version":[{"id":111014,"href":"https:\/\/promis.ro\/ro\/wp-json\/wp\/v2\/product\/91342\/revisions\/111014"}],"wp:featuredmedia":[{"embeddable":true,"href":"https:\/\/promis.ro\/ro\/wp-json\/wp\/v2\/media\/130079"}],"wp:attachment":[{"href":"https:\/\/promis.ro\/ro\/wp-json\/wp\/v2\/media?parent=91342"}],"wp:term":[{"taxonomy":"product_brand","embeddable":true,"href":"https:\/\/promis.ro\/ro\/wp-json\/wp\/v2\/product_brand?post=91342"},{"taxonomy":"product_cat","embeddable":true,"href":"https:\/\/promis.ro\/ro\/wp-json\/wp\/v2\/product_cat?post=91342"},{"taxonomy":"product_tag","embeddable":true,"href":"https:\/\/promis.ro\/ro\/wp-json\/wp\/v2\/product_tag?post=91342"}],"curies":[{"name":"wp","href":"https:\/\/api.w.org\/{rel}","templated":true}]}}