{"id":91343,"date":"2025-11-04T22:49:18","date_gmt":"2025-11-04T22:49:18","guid":{"rendered":"https:\/\/promis.ro\/product\/sophie\/"},"modified":"2025-11-11T15:37:56","modified_gmt":"2025-11-11T15:37:56","slug":"sophie","status":"publish","type":"product","link":"https:\/\/promis.ro\/ro\/produs\/sophie\/","title":{"rendered":"Sophie"},"content":{"rendered":"<p>Pachet unic de karaoke cu difuzor \u0219i microfon. Dimensiunea compact\u0103 \u0219i conexiunea u\u0219oar\u0103 Bluetooth\u00ae \u00eel fac un accesoriu ideal pentru a te bucura oric\u00e2nd, oriunde. Inclus: Difuzor cu m\u00e2ner de transport util din PU. Putere de 5W \u0219i baterie de lung\u0103 durat\u0103 de 1200 mAh. Microfon asortat cu design ergonomic pentru a te bucura de cele mai bune melodii. Prezentat \u00eentr-o cutie cu design kraft. Manual de instruc\u021biuni disponibil \u00een englez\u0103 \u0219i spaniol\u0103.<\/p>","protected":false},"excerpt":{"rendered":"<p>Pachet unic de karaoke cu difuzor \u0219i microfon. Dimensiunea compact\u0103 \u0219i conexiunea u\u0219oar\u0103 Bluetooth\u00ae \u00eel fac un accesoriu ideal pentru<\/p>","protected":false},"featured_media":130084,"comment_status":"open","ping_status":"closed","template":"","meta":[],"product_brand":[],"product_cat":[170],"product_tag":[],"class_list":{"0":"post-91343","1":"product","2":"type-product","3":"status-publish","4":"has-post-thumbnail","6":"product_cat-tehnologie-si-accesorii","8":"first","9":"instock","10":"shipping-taxable","11":"purchasable","12":"product-type-simple"},"_links":{"self":[{"href":"https:\/\/promis.ro\/ro\/wp-json\/wp\/v2\/product\/91343","targetHints":{"allow":["GET"]}}],"collection":[{"href":"https:\/\/promis.ro\/ro\/wp-json\/wp\/v2\/product"}],"about":[{"href":"https:\/\/promis.ro\/ro\/wp-json\/wp\/v2\/types\/product"}],"replies":[{"embeddable":true,"href":"https:\/\/promis.ro\/ro\/wp-json\/wp\/v2\/comments?post=91343"}],"version-history":[{"count":1,"href":"https:\/\/promis.ro\/ro\/wp-json\/wp\/v2\/product\/91343\/revisions"}],"predecessor-version":[{"id":111010,"href":"https:\/\/promis.ro\/ro\/wp-json\/wp\/v2\/product\/91343\/revisions\/111010"}],"wp:featuredmedia":[{"embeddable":true,"href":"https:\/\/promis.ro\/ro\/wp-json\/wp\/v2\/media\/130084"}],"wp:attachment":[{"href":"https:\/\/promis.ro\/ro\/wp-json\/wp\/v2\/media?parent=91343"}],"wp:term":[{"taxonomy":"product_brand","embeddable":true,"href":"https:\/\/promis.ro\/ro\/wp-json\/wp\/v2\/product_brand?post=91343"},{"taxonomy":"product_cat","embeddable":true,"href":"https:\/\/promis.ro\/ro\/wp-json\/wp\/v2\/product_cat?post=91343"},{"taxonomy":"product_tag","embeddable":true,"href":"https:\/\/promis.ro\/ro\/wp-json\/wp\/v2\/product_tag?post=91343"}],"curies":[{"name":"wp","href":"https:\/\/api.w.org\/{rel}","templated":true}]}}