{"id":91344,"date":"2025-11-04T22:49:19","date_gmt":"2025-11-04T22:49:19","guid":{"rendered":"https:\/\/promis.ro\/product\/krastop\/"},"modified":"2025-11-11T15:38:04","modified_gmt":"2025-11-11T15:38:04","slug":"krastop","status":"publish","type":"product","link":"https:\/\/promis.ro\/ro\/produs\/krastop\/","title":{"rendered":"Krastop"},"content":{"rendered":"<p>\u00cenc\u0103rc\u0103tor wireless multi-func\u021bional complet de 15W cu suport pentru gadgeturi. Proiectat pentru \u00eenc\u0103rcarea simultan\u0103 a smartphone-ului, c\u0103\u0219tilor \u0219i ceasului inteligent: o sta\u021bie de \u00eenc\u0103rcare all-in-one. Prezentat \u00eentr-o cutie de design kraft. Manual de utilizare disponibil \u00een englez\u0103 \u0219i spaniol\u0103.<\/p>","protected":false},"excerpt":{"rendered":"<p>\u00cenc\u0103rc\u0103tor wireless multi-func\u021bional complet de 15W cu suport pentru gadgeturi. Proiectat pentru \u00eenc\u0103rcarea simultan\u0103 a smartphone-ului, c\u0103\u0219tilor \u0219i ceasului inteligent:<\/p>","protected":false},"featured_media":130089,"comment_status":"open","ping_status":"closed","template":"","meta":[],"product_brand":[],"product_cat":[170],"product_tag":[],"class_list":{"0":"post-91344","1":"product","2":"type-product","3":"status-publish","4":"has-post-thumbnail","6":"product_cat-tehnologie-si-accesorii","8":"first","9":"instock","10":"shipping-taxable","11":"purchasable","12":"product-type-simple"},"_links":{"self":[{"href":"https:\/\/promis.ro\/ro\/wp-json\/wp\/v2\/product\/91344","targetHints":{"allow":["GET"]}}],"collection":[{"href":"https:\/\/promis.ro\/ro\/wp-json\/wp\/v2\/product"}],"about":[{"href":"https:\/\/promis.ro\/ro\/wp-json\/wp\/v2\/types\/product"}],"replies":[{"embeddable":true,"href":"https:\/\/promis.ro\/ro\/wp-json\/wp\/v2\/comments?post=91344"}],"version-history":[{"count":1,"href":"https:\/\/promis.ro\/ro\/wp-json\/wp\/v2\/product\/91344\/revisions"}],"predecessor-version":[{"id":111032,"href":"https:\/\/promis.ro\/ro\/wp-json\/wp\/v2\/product\/91344\/revisions\/111032"}],"wp:featuredmedia":[{"embeddable":true,"href":"https:\/\/promis.ro\/ro\/wp-json\/wp\/v2\/media\/130089"}],"wp:attachment":[{"href":"https:\/\/promis.ro\/ro\/wp-json\/wp\/v2\/media?parent=91344"}],"wp:term":[{"taxonomy":"product_brand","embeddable":true,"href":"https:\/\/promis.ro\/ro\/wp-json\/wp\/v2\/product_brand?post=91344"},{"taxonomy":"product_cat","embeddable":true,"href":"https:\/\/promis.ro\/ro\/wp-json\/wp\/v2\/product_cat?post=91344"},{"taxonomy":"product_tag","embeddable":true,"href":"https:\/\/promis.ro\/ro\/wp-json\/wp\/v2\/product_tag?post=91344"}],"curies":[{"name":"wp","href":"https:\/\/api.w.org\/{rel}","templated":true}]}}