{"id":91352,"date":"2025-11-04T22:49:21","date_gmt":"2025-11-04T22:49:21","guid":{"rendered":"https:\/\/promis.ro\/product\/avery\/"},"modified":"2025-11-11T15:39:03","modified_gmt":"2025-11-11T15:39:03","slug":"avery","status":"publish","type":"product","link":"https:\/\/promis.ro\/ro\/produs\/avery\/","title":{"rendered":"Avery"},"content":{"rendered":"<p>\u00cenc\u0103rc\u0103tor de perete USB cu \u00eenc\u0103rcare rapid\u0103, fabricat din paie de gr\u00e2u.<\/p>\n<p>Ie\u0219ire USB \u0219i Type-C. Priz\u0103 Euro \u0219i prezentat \u00eentr-o cutie individual\u0103 atractiv\u0103 cu design din kraft.<\/p>\n<p>Paia de gr\u00e2u promoveaz\u0103 utilizarea materiilor prime naturale, reduc\u00e2nd astfel emisiile de poluan\u021bi.<\/p>","protected":false},"excerpt":{"rendered":"<p>\u00cenc\u0103rc\u0103tor de perete USB cu \u00eenc\u0103rcare rapid\u0103, fabricat din paie de gr\u00e2u. Ie\u0219ire USB \u0219i Type-C. Priz\u0103 Euro \u0219i prezentat<\/p>","protected":false},"featured_media":130117,"comment_status":"open","ping_status":"closed","template":"","meta":[],"product_brand":[],"product_cat":[170],"product_tag":[],"class_list":{"0":"post-91352","1":"product","2":"type-product","3":"status-publish","4":"has-post-thumbnail","6":"product_cat-tehnologie-si-accesorii","8":"first","9":"instock","10":"shipping-taxable","11":"purchasable","12":"product-type-simple"},"_links":{"self":[{"href":"https:\/\/promis.ro\/ro\/wp-json\/wp\/v2\/product\/91352","targetHints":{"allow":["GET"]}}],"collection":[{"href":"https:\/\/promis.ro\/ro\/wp-json\/wp\/v2\/product"}],"about":[{"href":"https:\/\/promis.ro\/ro\/wp-json\/wp\/v2\/types\/product"}],"replies":[{"embeddable":true,"href":"https:\/\/promis.ro\/ro\/wp-json\/wp\/v2\/comments?post=91352"}],"version-history":[{"count":1,"href":"https:\/\/promis.ro\/ro\/wp-json\/wp\/v2\/product\/91352\/revisions"}],"predecessor-version":[{"id":111012,"href":"https:\/\/promis.ro\/ro\/wp-json\/wp\/v2\/product\/91352\/revisions\/111012"}],"wp:featuredmedia":[{"embeddable":true,"href":"https:\/\/promis.ro\/ro\/wp-json\/wp\/v2\/media\/130117"}],"wp:attachment":[{"href":"https:\/\/promis.ro\/ro\/wp-json\/wp\/v2\/media?parent=91352"}],"wp:term":[{"taxonomy":"product_brand","embeddable":true,"href":"https:\/\/promis.ro\/ro\/wp-json\/wp\/v2\/product_brand?post=91352"},{"taxonomy":"product_cat","embeddable":true,"href":"https:\/\/promis.ro\/ro\/wp-json\/wp\/v2\/product_cat?post=91352"},{"taxonomy":"product_tag","embeddable":true,"href":"https:\/\/promis.ro\/ro\/wp-json\/wp\/v2\/product_tag?post=91352"}],"curies":[{"name":"wp","href":"https:\/\/api.w.org\/{rel}","templated":true}]}}