{"id":91353,"date":"2025-11-04T22:49:21","date_gmt":"2025-11-04T22:49:21","guid":{"rendered":"https:\/\/promis.ro\/product\/dawson\/"},"modified":"2025-11-11T15:39:10","modified_gmt":"2025-11-11T15:39:10","slug":"dawson","status":"publish","type":"product","link":"https:\/\/promis.ro\/ro\/produs\/dawson\/","title":{"rendered":"Dawson"},"content":{"rendered":"<p>Baterie extern\u0103 auxiliar\u0103, re\u00eenc\u0103rcabil\u0103 solar, fabricat\u0103 din paie de gr\u00e2u. Cu o capacitate de \u00eenc\u0103rcare de 5.000 mAh, conector de intrare\/ie\u0219ire Tip C + ie\u0219iri USB. Inclus un panou fotovoltaic care permite re\u00eenc\u0103rcarea u\u0219oar\u0103 a bateriei \u00een orice spa\u021biu exterior f\u0103r\u0103 a necesita o conexiune la re\u021bea. Prezentat\u0103 \u00eentr-o cutie de design kraft.<br \/>Tip C Intrare\/Ie\u0219ire: 5V DC 2.4A, 12W<br \/>2 Ie\u0219iri USB: 5V DC 2.4A, 12W<br \/>Capacit\u0103\u021bile prezentate \u00een toate bateriile noastre externe auxiliare sunt reale, toate \u00eencorpor\u00e2nd baterii de grad A, non-reciclare, cu o durat\u0103 de via\u021b\u0103 de cel pu\u021bin 500 de cicluri de \u00eenc\u0103rcare \u0219i conform\u00e2ndu-se reglement\u0103rilor CE. \u00cen plus, acestea sunt fabricate conform standardelor RoHS \u0219i respect\u00e2nd urm\u0103toarele cerin\u021be de siguran\u021b\u0103: sistem de protec\u021bie \u00eempotriva supra\u00eenc\u0103rc\u0103rii b\u0103ncii de putere. Sistem complet de protec\u021bie \u00eempotriva desc\u0103rc\u0103rii, care cre\u0219te durabilitatea b\u0103ncii de putere. Sistem de blocare pentru a preveni scurtcircuitele. Sistem constant de transfer de \u00eenc\u0103rcare, \u00een conformitate cu capacitatea dispozitivului \u021bint\u0103.<\/p>","protected":false},"excerpt":{"rendered":"<p>Baterie extern\u0103 auxiliar\u0103, re\u00eenc\u0103rcabil\u0103 solar, fabricat\u0103 din paie de gr\u00e2u. Cu o capacitate de \u00eenc\u0103rcare de 5.000 mAh, conector de<\/p>","protected":false},"featured_media":130119,"comment_status":"open","ping_status":"closed","template":"","meta":[],"product_brand":[],"product_cat":[170],"product_tag":[],"class_list":{"0":"post-91353","1":"product","2":"type-product","3":"status-publish","4":"has-post-thumbnail","6":"product_cat-tehnologie-si-accesorii","8":"first","9":"instock","10":"shipping-taxable","11":"purchasable","12":"product-type-simple"},"_links":{"self":[{"href":"https:\/\/promis.ro\/ro\/wp-json\/wp\/v2\/product\/91353","targetHints":{"allow":["GET"]}}],"collection":[{"href":"https:\/\/promis.ro\/ro\/wp-json\/wp\/v2\/product"}],"about":[{"href":"https:\/\/promis.ro\/ro\/wp-json\/wp\/v2\/types\/product"}],"replies":[{"embeddable":true,"href":"https:\/\/promis.ro\/ro\/wp-json\/wp\/v2\/comments?post=91353"}],"version-history":[{"count":1,"href":"https:\/\/promis.ro\/ro\/wp-json\/wp\/v2\/product\/91353\/revisions"}],"predecessor-version":[{"id":111060,"href":"https:\/\/promis.ro\/ro\/wp-json\/wp\/v2\/product\/91353\/revisions\/111060"}],"wp:featuredmedia":[{"embeddable":true,"href":"https:\/\/promis.ro\/ro\/wp-json\/wp\/v2\/media\/130119"}],"wp:attachment":[{"href":"https:\/\/promis.ro\/ro\/wp-json\/wp\/v2\/media?parent=91353"}],"wp:term":[{"taxonomy":"product_brand","embeddable":true,"href":"https:\/\/promis.ro\/ro\/wp-json\/wp\/v2\/product_brand?post=91353"},{"taxonomy":"product_cat","embeddable":true,"href":"https:\/\/promis.ro\/ro\/wp-json\/wp\/v2\/product_cat?post=91353"},{"taxonomy":"product_tag","embeddable":true,"href":"https:\/\/promis.ro\/ro\/wp-json\/wp\/v2\/product_tag?post=91353"}],"curies":[{"name":"wp","href":"https:\/\/api.w.org\/{rel}","templated":true}]}}