{"id":91355,"date":"2025-11-04T22:49:22","date_gmt":"2025-11-04T22:49:22","guid":{"rendered":"https:\/\/promis.ro\/product\/emerson\/"},"modified":"2025-11-11T15:39:24","modified_gmt":"2025-11-11T15:39:24","slug":"emerson","status":"publish","type":"product","link":"https:\/\/promis.ro\/ro\/produs\/emerson\/","title":{"rendered":"Emerson"},"content":{"rendered":"<p>\u00cenc\u0103rc\u0103tor wireless din bambus \u0219i fetru RPET. Func\u021bie de \u00eenc\u0103rcare de 15W \u0219i compatibil cu dispozitive echipate cu tehnologia Qi. Include 2 ie\u0219iri pentru \u00eenc\u0103rcarea mai multor dispozitive: 1 ie\u0219ire USB \u0219i 1 ie\u0219ire Type-C. Suprafa\u021b\u0103 mare pentru branding \u0219i prezentat \u00eentr-o cutie atractiv\u0103 din kraft. Fetru RPET reciclat este rezultatul combin\u0103rii proceselor de reciclare a materialelor plastice \u00eempreun\u0103 cu tehnica milenar\u0103 de fabricare a fetelui, rezult\u00e2nd un material eco-trend care, pe l\u00e2ng\u0103 faptul c\u0103 este de origine reciclat\u0103, devine \u0219i reciclabil.<\/p>","protected":false},"excerpt":{"rendered":"<p>\u00cenc\u0103rc\u0103tor wireless din bambus \u0219i fetru RPET. Func\u021bie de \u00eenc\u0103rcare de 15W \u0219i compatibil cu dispozitive echipate cu tehnologia Qi.<\/p>","protected":false},"featured_media":130129,"comment_status":"open","ping_status":"closed","template":"","meta":[],"product_brand":[],"product_cat":[170],"product_tag":[],"class_list":{"0":"post-91355","1":"product","2":"type-product","3":"status-publish","4":"has-post-thumbnail","6":"product_cat-tehnologie-si-accesorii","8":"first","9":"instock","10":"shipping-taxable","11":"purchasable","12":"product-type-simple"},"_links":{"self":[{"href":"https:\/\/promis.ro\/ro\/wp-json\/wp\/v2\/product\/91355","targetHints":{"allow":["GET"]}}],"collection":[{"href":"https:\/\/promis.ro\/ro\/wp-json\/wp\/v2\/product"}],"about":[{"href":"https:\/\/promis.ro\/ro\/wp-json\/wp\/v2\/types\/product"}],"replies":[{"embeddable":true,"href":"https:\/\/promis.ro\/ro\/wp-json\/wp\/v2\/comments?post=91355"}],"version-history":[{"count":1,"href":"https:\/\/promis.ro\/ro\/wp-json\/wp\/v2\/product\/91355\/revisions"}],"predecessor-version":[{"id":111013,"href":"https:\/\/promis.ro\/ro\/wp-json\/wp\/v2\/product\/91355\/revisions\/111013"}],"wp:featuredmedia":[{"embeddable":true,"href":"https:\/\/promis.ro\/ro\/wp-json\/wp\/v2\/media\/130129"}],"wp:attachment":[{"href":"https:\/\/promis.ro\/ro\/wp-json\/wp\/v2\/media?parent=91355"}],"wp:term":[{"taxonomy":"product_brand","embeddable":true,"href":"https:\/\/promis.ro\/ro\/wp-json\/wp\/v2\/product_brand?post=91355"},{"taxonomy":"product_cat","embeddable":true,"href":"https:\/\/promis.ro\/ro\/wp-json\/wp\/v2\/product_cat?post=91355"},{"taxonomy":"product_tag","embeddable":true,"href":"https:\/\/promis.ro\/ro\/wp-json\/wp\/v2\/product_tag?post=91355"}],"curies":[{"name":"wp","href":"https:\/\/api.w.org\/{rel}","templated":true}]}}