{"id":91364,"date":"2025-11-04T22:49:25","date_gmt":"2025-11-04T22:49:25","guid":{"rendered":"https:\/\/promis.ro\/product\/beckett\/"},"modified":"2025-11-11T15:40:01","modified_gmt":"2025-11-11T15:40:01","slug":"beckett","status":"publish","type":"product","link":"https:\/\/promis.ro\/ro\/produs\/beckett\/","title":{"rendered":"Beckett"},"content":{"rendered":"<p>\u00cenc\u0103rc\u0103tor wireless rotund. Fabricat din bambus, cu o suprafa\u021b\u0103 elegant\u0103 neagr\u0103. Lumin\u0103 LED interioar\u0103 \u0219i un strat exterior special conceput pentru gravare cu laser, ilumin\u00e2nd logo-ul. Cu func\u021bie de \u00eenc\u0103rcare de 15W, compatibil cu dispozitive echipate cu tehnologia de \u00eenc\u0103rcare wireless Qi. Cu baz\u0103 antiderapant\u0103, inclusiv cablu de \u00eenc\u0103rcare Type C \u0219i manual de instruc\u021biuni \u00een englez\u0103 \u0219i spaniol\u0103. Prezentat \u00eentr-o cutie de design kraft individual\u0103.<\/p>","protected":false},"excerpt":{"rendered":"<p>\u00cenc\u0103rc\u0103tor wireless rotund. Fabricat din bambus, cu o suprafa\u021b\u0103 elegant\u0103 neagr\u0103. Lumin\u0103 LED interioar\u0103 \u0219i un strat exterior special conceput<\/p>","protected":false},"featured_media":130161,"comment_status":"open","ping_status":"closed","template":"","meta":[],"product_brand":[],"product_cat":[170],"product_tag":[],"class_list":{"0":"post-91364","1":"product","2":"type-product","3":"status-publish","4":"has-post-thumbnail","6":"product_cat-tehnologie-si-accesorii","8":"first","9":"instock","10":"shipping-taxable","11":"purchasable","12":"product-type-simple"},"_links":{"self":[{"href":"https:\/\/promis.ro\/ro\/wp-json\/wp\/v2\/product\/91364","targetHints":{"allow":["GET"]}}],"collection":[{"href":"https:\/\/promis.ro\/ro\/wp-json\/wp\/v2\/product"}],"about":[{"href":"https:\/\/promis.ro\/ro\/wp-json\/wp\/v2\/types\/product"}],"replies":[{"embeddable":true,"href":"https:\/\/promis.ro\/ro\/wp-json\/wp\/v2\/comments?post=91364"}],"version-history":[{"count":1,"href":"https:\/\/promis.ro\/ro\/wp-json\/wp\/v2\/product\/91364\/revisions"}],"predecessor-version":[{"id":111028,"href":"https:\/\/promis.ro\/ro\/wp-json\/wp\/v2\/product\/91364\/revisions\/111028"}],"wp:featuredmedia":[{"embeddable":true,"href":"https:\/\/promis.ro\/ro\/wp-json\/wp\/v2\/media\/130161"}],"wp:attachment":[{"href":"https:\/\/promis.ro\/ro\/wp-json\/wp\/v2\/media?parent=91364"}],"wp:term":[{"taxonomy":"product_brand","embeddable":true,"href":"https:\/\/promis.ro\/ro\/wp-json\/wp\/v2\/product_brand?post=91364"},{"taxonomy":"product_cat","embeddable":true,"href":"https:\/\/promis.ro\/ro\/wp-json\/wp\/v2\/product_cat?post=91364"},{"taxonomy":"product_tag","embeddable":true,"href":"https:\/\/promis.ro\/ro\/wp-json\/wp\/v2\/product_tag?post=91364"}],"curies":[{"name":"wp","href":"https:\/\/api.w.org\/{rel}","templated":true}]}}