{"id":91366,"date":"2025-11-04T22:49:29","date_gmt":"2025-11-04T22:49:29","guid":{"rendered":"https:\/\/promis.ro\/product\/ginger\/"},"modified":"2025-11-11T15:40:10","modified_gmt":"2025-11-11T15:40:10","slug":"ginger","status":"publish","type":"product","link":"https:\/\/promis.ro\/ro\/produs\/ginger\/","title":{"rendered":"Ginger"},"content":{"rendered":"<p>Port USB 2.0 din bambus cu o suprafa\u021b\u0103 neagr\u0103 elegant\u0103, lumin\u0103 LED \u00een interior \u0219i un strat exterior special conceput pentru gravare cu laser, ilumin\u00e2nd logo-ul. Inclusiv port Type C \u0219i 2 porturi USB, cu intrare dual\u0103 USB\/Type C. Prezentat \u00eentr-o cutie de design kraft individual\u0103. Fabricat conform standardelor RoHS, cu sistem de blocare pentru a preveni scurtcircuitele.<\/p>","protected":false},"excerpt":{"rendered":"<p>Port USB 2.0 din bambus cu o suprafa\u021b\u0103 neagr\u0103 elegant\u0103, lumin\u0103 LED \u00een interior \u0219i un strat exterior special conceput<\/p>","protected":false},"featured_media":130170,"comment_status":"open","ping_status":"closed","template":"","meta":[],"product_brand":[],"product_cat":[170],"product_tag":[],"class_list":{"0":"post-91366","1":"product","2":"type-product","3":"status-publish","4":"has-post-thumbnail","6":"product_cat-tehnologie-si-accesorii","8":"first","9":"instock","10":"shipping-taxable","11":"purchasable","12":"product-type-simple"},"_links":{"self":[{"href":"https:\/\/promis.ro\/ro\/wp-json\/wp\/v2\/product\/91366","targetHints":{"allow":["GET"]}}],"collection":[{"href":"https:\/\/promis.ro\/ro\/wp-json\/wp\/v2\/product"}],"about":[{"href":"https:\/\/promis.ro\/ro\/wp-json\/wp\/v2\/types\/product"}],"replies":[{"embeddable":true,"href":"https:\/\/promis.ro\/ro\/wp-json\/wp\/v2\/comments?post=91366"}],"version-history":[{"count":1,"href":"https:\/\/promis.ro\/ro\/wp-json\/wp\/v2\/product\/91366\/revisions"}],"predecessor-version":[{"id":111021,"href":"https:\/\/promis.ro\/ro\/wp-json\/wp\/v2\/product\/91366\/revisions\/111021"}],"wp:featuredmedia":[{"embeddable":true,"href":"https:\/\/promis.ro\/ro\/wp-json\/wp\/v2\/media\/130170"}],"wp:attachment":[{"href":"https:\/\/promis.ro\/ro\/wp-json\/wp\/v2\/media?parent=91366"}],"wp:term":[{"taxonomy":"product_brand","embeddable":true,"href":"https:\/\/promis.ro\/ro\/wp-json\/wp\/v2\/product_brand?post=91366"},{"taxonomy":"product_cat","embeddable":true,"href":"https:\/\/promis.ro\/ro\/wp-json\/wp\/v2\/product_cat?post=91366"},{"taxonomy":"product_tag","embeddable":true,"href":"https:\/\/promis.ro\/ro\/wp-json\/wp\/v2\/product_tag?post=91366"}],"curies":[{"name":"wp","href":"https:\/\/api.w.org\/{rel}","templated":true}]}}