{"id":91368,"date":"2025-11-04T22:49:30","date_gmt":"2025-11-04T22:49:30","guid":{"rendered":"https:\/\/promis.ro\/product\/afroks-16gb\/"},"modified":"2025-11-11T15:40:18","modified_gmt":"2025-11-11T15:40:18","slug":"afroks-16gb","status":"publish","type":"product","link":"https:\/\/promis.ro\/ro\/produs\/afroks-16gb\/","title":{"rendered":"Afroks 16GB"},"content":{"rendered":"<p>Unitate flash USB cu capacitate de 16GB din linia natur\u0103. Fabricat\u0103 din bambus, cu o zon\u0103 de branding mare \u0219i elegant\u0103 iluminat\u0103 din spate. \u00cenchidere magnetic\u0103 a capacului \u0219i prezentat\u0103 \u00eentr-o cutie atractiv\u0103 din kraft.<\/p>","protected":false},"excerpt":{"rendered":"<p>Unitate flash USB cu capacitate de 16GB din linia natur\u0103. Fabricat\u0103 din bambus, cu o zon\u0103 de branding mare \u0219i<\/p>","protected":false},"featured_media":130176,"comment_status":"open","ping_status":"closed","template":"","meta":[],"product_brand":[],"product_cat":[170],"product_tag":[],"class_list":{"0":"post-91368","1":"product","2":"type-product","3":"status-publish","4":"has-post-thumbnail","6":"product_cat-tehnologie-si-accesorii","8":"first","9":"instock","10":"shipping-taxable","11":"purchasable","12":"product-type-simple"},"_links":{"self":[{"href":"https:\/\/promis.ro\/ro\/wp-json\/wp\/v2\/product\/91368","targetHints":{"allow":["GET"]}}],"collection":[{"href":"https:\/\/promis.ro\/ro\/wp-json\/wp\/v2\/product"}],"about":[{"href":"https:\/\/promis.ro\/ro\/wp-json\/wp\/v2\/types\/product"}],"replies":[{"embeddable":true,"href":"https:\/\/promis.ro\/ro\/wp-json\/wp\/v2\/comments?post=91368"}],"version-history":[{"count":1,"href":"https:\/\/promis.ro\/ro\/wp-json\/wp\/v2\/product\/91368\/revisions"}],"predecessor-version":[{"id":111022,"href":"https:\/\/promis.ro\/ro\/wp-json\/wp\/v2\/product\/91368\/revisions\/111022"}],"wp:featuredmedia":[{"embeddable":true,"href":"https:\/\/promis.ro\/ro\/wp-json\/wp\/v2\/media\/130176"}],"wp:attachment":[{"href":"https:\/\/promis.ro\/ro\/wp-json\/wp\/v2\/media?parent=91368"}],"wp:term":[{"taxonomy":"product_brand","embeddable":true,"href":"https:\/\/promis.ro\/ro\/wp-json\/wp\/v2\/product_brand?post=91368"},{"taxonomy":"product_cat","embeddable":true,"href":"https:\/\/promis.ro\/ro\/wp-json\/wp\/v2\/product_cat?post=91368"},{"taxonomy":"product_tag","embeddable":true,"href":"https:\/\/promis.ro\/ro\/wp-json\/wp\/v2\/product_tag?post=91368"}],"curies":[{"name":"wp","href":"https:\/\/api.w.org\/{rel}","templated":true}]}}