{"id":91369,"date":"2025-11-04T22:49:30","date_gmt":"2025-11-04T22:49:30","guid":{"rendered":"https:\/\/promis.ro\/product\/dontiox\/"},"modified":"2025-11-11T15:43:13","modified_gmt":"2025-11-11T15:43:13","slug":"dontiox","status":"publish","type":"product","link":"https:\/\/promis.ro\/ro\/produs\/dontiox\/","title":{"rendered":"Dontiox"},"content":{"rendered":"<p>Pix din RPET. Clip cu o zon\u0103 mare pentru branding, mecanism cu buton de ap\u0103sare \u0219i cerneal\u0103 albastr\u0103. Logo-ul RPET pe partea superioar\u0103 a pixului. Fabricat din plastic reciclat pentru a \u00eencuraja reutilizarea de\u0219eurilor de plastic \u0219i a ajuta la sustenabilitatea planetei.<\/p>","protected":false},"excerpt":{"rendered":"<p>Pix din RPET. Clip cu o zon\u0103 mare pentru branding, mecanism cu buton de ap\u0103sare \u0219i cerneal\u0103 albastr\u0103. Logo-ul RPET<\/p>","protected":false},"featured_media":130181,"comment_status":"open","ping_status":"closed","template":"","meta":[],"product_brand":[],"product_cat":[175],"product_tag":[],"class_list":{"0":"post-91369","1":"product","2":"type-product","3":"status-publish","4":"has-post-thumbnail","6":"product_cat-scris","8":"first","9":"instock","10":"shipping-taxable","11":"purchasable","12":"product-type-variable"},"_links":{"self":[{"href":"https:\/\/promis.ro\/ro\/wp-json\/wp\/v2\/product\/91369","targetHints":{"allow":["GET"]}}],"collection":[{"href":"https:\/\/promis.ro\/ro\/wp-json\/wp\/v2\/product"}],"about":[{"href":"https:\/\/promis.ro\/ro\/wp-json\/wp\/v2\/types\/product"}],"replies":[{"embeddable":true,"href":"https:\/\/promis.ro\/ro\/wp-json\/wp\/v2\/comments?post=91369"}],"version-history":[{"count":1,"href":"https:\/\/promis.ro\/ro\/wp-json\/wp\/v2\/product\/91369\/revisions"}],"predecessor-version":[{"id":111024,"href":"https:\/\/promis.ro\/ro\/wp-json\/wp\/v2\/product\/91369\/revisions\/111024"}],"wp:featuredmedia":[{"embeddable":true,"href":"https:\/\/promis.ro\/ro\/wp-json\/wp\/v2\/media\/130181"}],"wp:attachment":[{"href":"https:\/\/promis.ro\/ro\/wp-json\/wp\/v2\/media?parent=91369"}],"wp:term":[{"taxonomy":"product_brand","embeddable":true,"href":"https:\/\/promis.ro\/ro\/wp-json\/wp\/v2\/product_brand?post=91369"},{"taxonomy":"product_cat","embeddable":true,"href":"https:\/\/promis.ro\/ro\/wp-json\/wp\/v2\/product_cat?post=91369"},{"taxonomy":"product_tag","embeddable":true,"href":"https:\/\/promis.ro\/ro\/wp-json\/wp\/v2\/product_tag?post=91369"}],"curies":[{"name":"wp","href":"https:\/\/api.w.org\/{rel}","templated":true}]}}