{"id":91370,"date":"2025-11-04T22:49:31","date_gmt":"2025-11-04T22:49:31","guid":{"rendered":"https:\/\/promis.ro\/product\/curney\/"},"modified":"2025-11-11T15:40:30","modified_gmt":"2025-11-11T15:40:30","slug":"curney","status":"publish","type":"product","link":"https:\/\/promis.ro\/ro\/produs\/curney\/","title":{"rendered":"Curney"},"content":{"rendered":"<p>C\u0103\u0219ti originale cu conexiune Bluetooth\u00ae 5.0, cu un design de ultim\u0103 genera\u021bie \u0219i pernu\u021be p\u0103trate pentru urechi \u00eentr-o combina\u021bie de culori alb \u0219i argintiu. Panou de control integrat \u00een c\u0103\u0219ti, cu func\u021bie handsfree \u0219i slot pentru card microSD. Intrare de linie prin conexiune jack de 3,5 mm, cablu de 1 m inclus. Re\u00eenc\u0103rcabile prin cablu USB (30 cm inclus), cu baterie de 150 mAh. Prezentate \u00eentr-o cutie individual\u0103 din kraft cu h\u00e2rtie de protec\u021bie.<\/p>","protected":false},"excerpt":{"rendered":"<p>C\u0103\u0219ti originale cu conexiune Bluetooth\u00ae 5.0, cu un design de ultim\u0103 genera\u021bie \u0219i pernu\u021be p\u0103trate pentru urechi \u00eentr-o combina\u021bie de<\/p>","protected":false},"featured_media":130183,"comment_status":"open","ping_status":"closed","template":"","meta":[],"product_brand":[],"product_cat":[170],"product_tag":[],"class_list":{"0":"post-91370","1":"product","2":"type-product","3":"status-publish","4":"has-post-thumbnail","6":"product_cat-tehnologie-si-accesorii","8":"first","9":"instock","10":"shipping-taxable","11":"purchasable","12":"product-type-simple"},"_links":{"self":[{"href":"https:\/\/promis.ro\/ro\/wp-json\/wp\/v2\/product\/91370","targetHints":{"allow":["GET"]}}],"collection":[{"href":"https:\/\/promis.ro\/ro\/wp-json\/wp\/v2\/product"}],"about":[{"href":"https:\/\/promis.ro\/ro\/wp-json\/wp\/v2\/types\/product"}],"replies":[{"embeddable":true,"href":"https:\/\/promis.ro\/ro\/wp-json\/wp\/v2\/comments?post=91370"}],"version-history":[{"count":1,"href":"https:\/\/promis.ro\/ro\/wp-json\/wp\/v2\/product\/91370\/revisions"}],"predecessor-version":[{"id":111035,"href":"https:\/\/promis.ro\/ro\/wp-json\/wp\/v2\/product\/91370\/revisions\/111035"}],"wp:featuredmedia":[{"embeddable":true,"href":"https:\/\/promis.ro\/ro\/wp-json\/wp\/v2\/media\/130183"}],"wp:attachment":[{"href":"https:\/\/promis.ro\/ro\/wp-json\/wp\/v2\/media?parent=91370"}],"wp:term":[{"taxonomy":"product_brand","embeddable":true,"href":"https:\/\/promis.ro\/ro\/wp-json\/wp\/v2\/product_brand?post=91370"},{"taxonomy":"product_cat","embeddable":true,"href":"https:\/\/promis.ro\/ro\/wp-json\/wp\/v2\/product_cat?post=91370"},{"taxonomy":"product_tag","embeddable":true,"href":"https:\/\/promis.ro\/ro\/wp-json\/wp\/v2\/product_tag?post=91370"}],"curies":[{"name":"wp","href":"https:\/\/api.w.org\/{rel}","templated":true}]}}