{"id":91371,"date":"2025-11-04T22:49:31","date_gmt":"2025-11-04T22:49:31","guid":{"rendered":"https:\/\/promis.ro\/product\/toaren\/"},"modified":"2025-11-11T15:40:34","modified_gmt":"2025-11-11T15:40:34","slug":"toaren","status":"publish","type":"product","link":"https:\/\/promis.ro\/ro\/produs\/toaren\/","title":{"rendered":"Toaren"},"content":{"rendered":"<p>Set unic \u0219i util de markere fluorescente realizate din paie de gr\u00e2u \u0219i ABS. Include trei culori: galben, verde \u0219i roz fluorescent. Prezentat \u00eentr-o sticl\u0103 transparent\u0103 cu capac alb cu filet, av\u00e2nd o suprafa\u021b\u0103 neted\u0103 pentru branding. Paiele de gr\u00e2u promoveaz\u0103 utilizarea materiilor prime naturale, reduc\u00e2nd astfel emisiile de poluan\u021bi.<\/p>","protected":false},"excerpt":{"rendered":"<p>Set unic \u0219i util de markere fluorescente realizate din paie de gr\u00e2u \u0219i ABS. Include trei culori: galben, verde \u0219i<\/p>","protected":false},"featured_media":130188,"comment_status":"open","ping_status":"closed","template":"","meta":[],"product_brand":[],"product_cat":[171],"product_tag":[],"class_list":{"0":"post-91371","1":"product","2":"type-product","3":"status-publish","4":"has-post-thumbnail","6":"product_cat-birou-si-business","8":"first","9":"instock","10":"shipping-taxable","11":"purchasable","12":"product-type-simple"},"_links":{"self":[{"href":"https:\/\/promis.ro\/ro\/wp-json\/wp\/v2\/product\/91371","targetHints":{"allow":["GET"]}}],"collection":[{"href":"https:\/\/promis.ro\/ro\/wp-json\/wp\/v2\/product"}],"about":[{"href":"https:\/\/promis.ro\/ro\/wp-json\/wp\/v2\/types\/product"}],"replies":[{"embeddable":true,"href":"https:\/\/promis.ro\/ro\/wp-json\/wp\/v2\/comments?post=91371"}],"version-history":[{"count":1,"href":"https:\/\/promis.ro\/ro\/wp-json\/wp\/v2\/product\/91371\/revisions"}],"predecessor-version":[{"id":111025,"href":"https:\/\/promis.ro\/ro\/wp-json\/wp\/v2\/product\/91371\/revisions\/111025"}],"wp:featuredmedia":[{"embeddable":true,"href":"https:\/\/promis.ro\/ro\/wp-json\/wp\/v2\/media\/130188"}],"wp:attachment":[{"href":"https:\/\/promis.ro\/ro\/wp-json\/wp\/v2\/media?parent=91371"}],"wp:term":[{"taxonomy":"product_brand","embeddable":true,"href":"https:\/\/promis.ro\/ro\/wp-json\/wp\/v2\/product_brand?post=91371"},{"taxonomy":"product_cat","embeddable":true,"href":"https:\/\/promis.ro\/ro\/wp-json\/wp\/v2\/product_cat?post=91371"},{"taxonomy":"product_tag","embeddable":true,"href":"https:\/\/promis.ro\/ro\/wp-json\/wp\/v2\/product_tag?post=91371"}],"curies":[{"name":"wp","href":"https:\/\/api.w.org\/{rel}","templated":true}]}}