{"id":91372,"date":"2025-11-04T22:49:32","date_gmt":"2025-11-04T22:49:32","guid":{"rendered":"https:\/\/promis.ro\/product\/pylot\/"},"modified":"2025-11-11T15:40:44","modified_gmt":"2025-11-11T15:40:44","slug":"pylot","status":"publish","type":"product","link":"https:\/\/promis.ro\/ro\/produs\/pylot\/","title":{"rendered":"Pylot"},"content":{"rendered":"<p>Set de \u00eenc\u0103rc\u0103tor de perete USB cu \u00eenc\u0103rcare rapid\u0103 \u0219i cablu de \u00eenc\u0103rcare cu transfer de date, fabricat din paie de gr\u00e2u. \u00cenc\u0103rc\u0103tor cu ie\u0219ire USB \u0219i Type-C, \u0219i cablu extensibil cu conexiuni Micro USB, Type-C \u0219i Lightning. Priz\u0103 european\u0103. Prezentat \u00eentr-un sac din bumbac brut natural cu \u00eenchidere prin \u0219nur. Paia de gr\u00e2u promoveaz\u0103 utilizarea materialelor naturale, reduc\u00e2nd astfel emisiile de poluan\u021bi.<\/p>","protected":false},"excerpt":{"rendered":"<p>Set de \u00eenc\u0103rc\u0103tor de perete USB cu \u00eenc\u0103rcare rapid\u0103 \u0219i cablu de \u00eenc\u0103rcare cu transfer de date, fabricat din paie<\/p>","protected":false},"featured_media":130192,"comment_status":"open","ping_status":"closed","template":"","meta":[],"product_brand":[],"product_cat":[170],"product_tag":[],"class_list":{"0":"post-91372","1":"product","2":"type-product","3":"status-publish","4":"has-post-thumbnail","6":"product_cat-tehnologie-si-accesorii","8":"first","9":"instock","10":"shipping-taxable","11":"purchasable","12":"product-type-simple"},"_links":{"self":[{"href":"https:\/\/promis.ro\/ro\/wp-json\/wp\/v2\/product\/91372","targetHints":{"allow":["GET"]}}],"collection":[{"href":"https:\/\/promis.ro\/ro\/wp-json\/wp\/v2\/product"}],"about":[{"href":"https:\/\/promis.ro\/ro\/wp-json\/wp\/v2\/types\/product"}],"replies":[{"embeddable":true,"href":"https:\/\/promis.ro\/ro\/wp-json\/wp\/v2\/comments?post=91372"}],"version-history":[{"count":1,"href":"https:\/\/promis.ro\/ro\/wp-json\/wp\/v2\/product\/91372\/revisions"}],"predecessor-version":[{"id":111042,"href":"https:\/\/promis.ro\/ro\/wp-json\/wp\/v2\/product\/91372\/revisions\/111042"}],"wp:featuredmedia":[{"embeddable":true,"href":"https:\/\/promis.ro\/ro\/wp-json\/wp\/v2\/media\/130192"}],"wp:attachment":[{"href":"https:\/\/promis.ro\/ro\/wp-json\/wp\/v2\/media?parent=91372"}],"wp:term":[{"taxonomy":"product_brand","embeddable":true,"href":"https:\/\/promis.ro\/ro\/wp-json\/wp\/v2\/product_brand?post=91372"},{"taxonomy":"product_cat","embeddable":true,"href":"https:\/\/promis.ro\/ro\/wp-json\/wp\/v2\/product_cat?post=91372"},{"taxonomy":"product_tag","embeddable":true,"href":"https:\/\/promis.ro\/ro\/wp-json\/wp\/v2\/product_tag?post=91372"}],"curies":[{"name":"wp","href":"https:\/\/api.w.org\/{rel}","templated":true}]}}