{"id":91373,"date":"2025-11-04T22:49:32","date_gmt":"2025-11-04T22:49:32","guid":{"rendered":"https:\/\/promis.ro\/product\/chaconix\/"},"modified":"2025-11-11T15:40:54","modified_gmt":"2025-11-11T15:40:54","slug":"chaconix","status":"publish","type":"product","link":"https:\/\/promis.ro\/ro\/produs\/chaconix\/","title":{"rendered":"Chaconix"},"content":{"rendered":"<p>Set complet de cabluri de \u00eenc\u0103rcare din paie de gr\u00e2u, cu carcas\u0103 din bambus lustruit \u0219i m\u00e2nere de transport. Inclus cablu cu capacitate de transfer de date \u0219i multiple conexiuni, cu capete Micro USB, Tip C \u0219i Lightning. 5V DC 3A. Prezentat \u00eentr-o cutie de design kraft. Fabricat din elemente vegetale pentru a promova utilizarea materiilor prime naturale \u0219i a reduce emisiile poluante.<\/p>","protected":false},"excerpt":{"rendered":"<p>Set complet de cabluri de \u00eenc\u0103rcare din paie de gr\u00e2u, cu carcas\u0103 din bambus lustruit \u0219i m\u00e2nere de transport. Inclus<\/p>","protected":false},"featured_media":130197,"comment_status":"open","ping_status":"closed","template":"","meta":[],"product_brand":[],"product_cat":[197],"product_tag":[],"class_list":{"0":"post-91373","1":"product","2":"type-product","3":"status-publish","4":"has-post-thumbnail","6":"product_cat-articole-durabile","8":"first","9":"instock","10":"shipping-taxable","11":"purchasable","12":"product-type-simple"},"_links":{"self":[{"href":"https:\/\/promis.ro\/ro\/wp-json\/wp\/v2\/product\/91373","targetHints":{"allow":["GET"]}}],"collection":[{"href":"https:\/\/promis.ro\/ro\/wp-json\/wp\/v2\/product"}],"about":[{"href":"https:\/\/promis.ro\/ro\/wp-json\/wp\/v2\/types\/product"}],"replies":[{"embeddable":true,"href":"https:\/\/promis.ro\/ro\/wp-json\/wp\/v2\/comments?post=91373"}],"version-history":[{"count":1,"href":"https:\/\/promis.ro\/ro\/wp-json\/wp\/v2\/product\/91373\/revisions"}],"predecessor-version":[{"id":111031,"href":"https:\/\/promis.ro\/ro\/wp-json\/wp\/v2\/product\/91373\/revisions\/111031"}],"wp:featuredmedia":[{"embeddable":true,"href":"https:\/\/promis.ro\/ro\/wp-json\/wp\/v2\/media\/130197"}],"wp:attachment":[{"href":"https:\/\/promis.ro\/ro\/wp-json\/wp\/v2\/media?parent=91373"}],"wp:term":[{"taxonomy":"product_brand","embeddable":true,"href":"https:\/\/promis.ro\/ro\/wp-json\/wp\/v2\/product_brand?post=91373"},{"taxonomy":"product_cat","embeddable":true,"href":"https:\/\/promis.ro\/ro\/wp-json\/wp\/v2\/product_cat?post=91373"},{"taxonomy":"product_tag","embeddable":true,"href":"https:\/\/promis.ro\/ro\/wp-json\/wp\/v2\/product_tag?post=91373"}],"curies":[{"name":"wp","href":"https:\/\/api.w.org\/{rel}","templated":true}]}}