{"id":91374,"date":"2025-11-04T22:49:32","date_gmt":"2025-11-04T22:49:32","guid":{"rendered":"https:\/\/promis.ro\/product\/boitok\/"},"modified":"2025-11-11T15:41:00","modified_gmt":"2025-11-11T15:41:00","slug":"boitok","status":"publish","type":"product","link":"https:\/\/promis.ro\/ro\/produs\/boitok\/","title":{"rendered":"Boitok"},"content":{"rendered":"<p>Cu 3W putere, baterie de 300 mAh \u0219i conexiune Bluetooth\u00ae 5.0. Inclusiv cablu de \u00eenc\u0103rcare Type C \u0219i manual de instruc\u021biuni \u00een englez\u0103 \u0219i spaniol\u0103. Cu logo RPET \u0219i prezentat \u00eentr-o cutie individual\u0103 de design kraft. Difuzor cu conexiune Bluetooth\u00ae. Carcasa realizat\u0103 din bambus \u0219i fetru RPET. Fetru RPET reciclat este rezultatul combina\u021biei procesului de reciclare a materialelor plastice \u00eempreun\u0103 cu tehnica antic\u0103 de fabricare a fetrului, rezult\u00e2nd un material eco-trend care, pe l\u00e2ng\u0103 faptul c\u0103 este de origine reciclat\u0103, devine \u0219i reciclabil.<\/p>","protected":false},"excerpt":{"rendered":"<p>Cu 3W putere, baterie de 300 mAh \u0219i conexiune Bluetooth\u00ae 5.0. Inclusiv cablu de \u00eenc\u0103rcare Type C \u0219i manual de<\/p>","protected":false},"featured_media":130202,"comment_status":"open","ping_status":"closed","template":"","meta":[],"product_brand":[],"product_cat":[197],"product_tag":[],"class_list":{"0":"post-91374","1":"product","2":"type-product","3":"status-publish","4":"has-post-thumbnail","6":"product_cat-articole-durabile","8":"first","9":"instock","10":"shipping-taxable","11":"purchasable","12":"product-type-simple"},"_links":{"self":[{"href":"https:\/\/promis.ro\/ro\/wp-json\/wp\/v2\/product\/91374","targetHints":{"allow":["GET"]}}],"collection":[{"href":"https:\/\/promis.ro\/ro\/wp-json\/wp\/v2\/product"}],"about":[{"href":"https:\/\/promis.ro\/ro\/wp-json\/wp\/v2\/types\/product"}],"replies":[{"embeddable":true,"href":"https:\/\/promis.ro\/ro\/wp-json\/wp\/v2\/comments?post=91374"}],"version-history":[{"count":1,"href":"https:\/\/promis.ro\/ro\/wp-json\/wp\/v2\/product\/91374\/revisions"}],"predecessor-version":[{"id":111047,"href":"https:\/\/promis.ro\/ro\/wp-json\/wp\/v2\/product\/91374\/revisions\/111047"}],"wp:featuredmedia":[{"embeddable":true,"href":"https:\/\/promis.ro\/ro\/wp-json\/wp\/v2\/media\/130202"}],"wp:attachment":[{"href":"https:\/\/promis.ro\/ro\/wp-json\/wp\/v2\/media?parent=91374"}],"wp:term":[{"taxonomy":"product_brand","embeddable":true,"href":"https:\/\/promis.ro\/ro\/wp-json\/wp\/v2\/product_brand?post=91374"},{"taxonomy":"product_cat","embeddable":true,"href":"https:\/\/promis.ro\/ro\/wp-json\/wp\/v2\/product_cat?post=91374"},{"taxonomy":"product_tag","embeddable":true,"href":"https:\/\/promis.ro\/ro\/wp-json\/wp\/v2\/product_tag?post=91374"}],"curies":[{"name":"wp","href":"https:\/\/api.w.org\/{rel}","templated":true}]}}