{"id":91376,"date":"2025-11-04T22:49:33","date_gmt":"2025-11-04T22:49:33","guid":{"rendered":"https:\/\/promis.ro\/product\/dodiax\/"},"modified":"2025-11-11T15:43:10","modified_gmt":"2025-11-11T15:43:10","slug":"dodiax","status":"publish","type":"product","link":"https:\/\/promis.ro\/ro\/produs\/dodiax\/","title":{"rendered":"Dodiax"},"content":{"rendered":"<p>C\u0103\u0219ti cu conexiune Bluetooth\u00ae 5.3 \u0219i func\u021bie hands-free. Proiectate ergonomic, inclusiv buton de control tactil integrat \u00een c\u0103\u0219ti, cu baz\u0103 de \u00eenc\u0103rcare asortat\u0103. Baterie \u00eencorporat\u0103 de 300 mAh \u0219i prezentate \u00eentr-o cutie individual\u0103 de design kraft. Manual de instruc\u021biuni \u00een englez\u0103 \u0219i spaniol\u0103.<\/p>","protected":false},"excerpt":{"rendered":"<p>C\u0103\u0219ti cu conexiune Bluetooth\u00ae 5.3 \u0219i func\u021bie hands-free. Proiectate ergonomic, inclusiv buton de control tactil integrat \u00een c\u0103\u0219ti, cu baz\u0103<\/p>","protected":false},"featured_media":130211,"comment_status":"open","ping_status":"closed","template":"","meta":[],"product_brand":[],"product_cat":[170],"product_tag":[],"class_list":{"0":"post-91376","1":"product","2":"type-product","3":"status-publish","4":"has-post-thumbnail","6":"product_cat-tehnologie-si-accesorii","8":"first","9":"instock","10":"shipping-taxable","11":"purchasable","12":"product-type-variable"},"_links":{"self":[{"href":"https:\/\/promis.ro\/ro\/wp-json\/wp\/v2\/product\/91376","targetHints":{"allow":["GET"]}}],"collection":[{"href":"https:\/\/promis.ro\/ro\/wp-json\/wp\/v2\/product"}],"about":[{"href":"https:\/\/promis.ro\/ro\/wp-json\/wp\/v2\/types\/product"}],"replies":[{"embeddable":true,"href":"https:\/\/promis.ro\/ro\/wp-json\/wp\/v2\/comments?post=91376"}],"version-history":[{"count":1,"href":"https:\/\/promis.ro\/ro\/wp-json\/wp\/v2\/product\/91376\/revisions"}],"predecessor-version":[{"id":111034,"href":"https:\/\/promis.ro\/ro\/wp-json\/wp\/v2\/product\/91376\/revisions\/111034"}],"wp:featuredmedia":[{"embeddable":true,"href":"https:\/\/promis.ro\/ro\/wp-json\/wp\/v2\/media\/130211"}],"wp:attachment":[{"href":"https:\/\/promis.ro\/ro\/wp-json\/wp\/v2\/media?parent=91376"}],"wp:term":[{"taxonomy":"product_brand","embeddable":true,"href":"https:\/\/promis.ro\/ro\/wp-json\/wp\/v2\/product_brand?post=91376"},{"taxonomy":"product_cat","embeddable":true,"href":"https:\/\/promis.ro\/ro\/wp-json\/wp\/v2\/product_cat?post=91376"},{"taxonomy":"product_tag","embeddable":true,"href":"https:\/\/promis.ro\/ro\/wp-json\/wp\/v2\/product_tag?post=91376"}],"curies":[{"name":"wp","href":"https:\/\/api.w.org\/{rel}","templated":true}]}}