{"id":91558,"date":"2025-11-04T22:50:58","date_gmt":"2025-11-04T22:50:58","guid":{"rendered":"https:\/\/promis.ro\/product\/madis\/"},"modified":"2025-11-11T15:49:39","modified_gmt":"2025-11-11T15:49:39","slug":"madis","status":"publish","type":"product","link":"https:\/\/promis.ro\/ro\/produs\/madis\/","title":{"rendered":"Madis"},"content":{"rendered":"<p>Joc de \u021bint\u0103 din lemn. Implic\u0103 introducerea inelelor de sfoar\u0103 \u00een baza cu be\u021be de aceea\u0219i culoare (fiecare culoare puncteaz\u0103 diferit). Compact \u0219i u\u0219or de asamblat, inclusiv 12 piese. Cu instruc\u021biuni \u00een englez\u0103 \u0219i spaniol\u0103. Prezentat individual \u00eentr-o cutie de design kraft.<\/p>","protected":false},"excerpt":{"rendered":"<p>Joc de \u021bint\u0103 din lemn. Implic\u0103 introducerea inelelor de sfoar\u0103 \u00een baza cu be\u021be de aceea\u0219i culoare (fiecare culoare puncteaz\u0103<\/p>","protected":false},"featured_media":130698,"comment_status":"open","ping_status":"closed","template":"","meta":[],"product_brand":[],"product_cat":[180],"product_tag":[],"class_list":{"0":"post-91558","1":"product","2":"type-product","3":"status-publish","4":"has-post-thumbnail","6":"product_cat-cadouri-si-prime","8":"first","9":"instock","10":"shipping-taxable","11":"purchasable","12":"product-type-simple"},"yoast_head":"<!-- This site is optimized with the Yoast SEO plugin v27.4 - https:\/\/yoast.com\/product\/yoast-seo-wordpress\/ -->\n<title>Madis - Promis.ro<\/title>\n<meta name=\"description\" content=\"Joc de \u021bint\u0103 din lemn. Implic\u0103 introducerea inelelor de sfoar\u0103 \u00een baza cu be\u021be de aceea\u0219i culoare (fiecare culoare puncteaz\u0103 diferit). Compact \u0219i u\u0219or de\" \/>\n<meta name=\"robots\" content=\"index, follow, max-snippet:-1, max-image-preview:large, max-video-preview:-1\" \/>\n<link rel=\"canonical\" href=\"https:\/\/promis.ro\/ro\/produs\/madis\/\" \/>\n<meta property=\"og:locale\" content=\"ro_RO\" \/>\n<meta property=\"og:type\" content=\"article\" \/>\n<meta property=\"og:title\" content=\"Madis - Promis.ro\" \/>\n<meta property=\"og:description\" content=\"Joc de \u021bint\u0103 din lemn. Implic\u0103 introducerea inelelor de sfoar\u0103 \u00een baza cu be\u021be de aceea\u0219i culoare (fiecare culoare puncteaz\u0103 diferit). Compact \u0219i u\u0219or de\" \/>\n<meta property=\"og:url\" content=\"https:\/\/promis.ro\/ro\/produs\/madis\/\" \/>\n<meta property=\"og:site_name\" content=\"Promis.ro\" \/>\n<meta property=\"article:modified_time\" content=\"2025-11-11T15:49:39+00:00\" \/>\n<meta property=\"og:image\" content=\"https:\/\/promis.ro\/wp-content\/uploads\/2025\/11\/20404-W-1.jpg\" \/>\n\t<meta property=\"og:image:width\" content=\"1080\" \/>\n\t<meta property=\"og:image:height\" content=\"1080\" \/>\n\t<meta property=\"og:image:type\" content=\"image\/jpeg\" \/>\n<meta name=\"twitter:card\" content=\"summary_large_image\" \/>\n<script type=\"application\/ld+json\" class=\"yoast-schema-graph\">{\"@context\":\"https:\\\/\\\/schema.org\",\"@graph\":[{\"@type\":\"WebPage\",\"@id\":\"https:\\\/\\\/promis.ro\\\/product\\\/madis\\\/\",\"url\":\"https:\\\/\\\/promis.ro\\\/product\\\/madis\\\/\",\"name\":\"Madis - Promis.ro\",\"isPartOf\":{\"@id\":\"https:\\\/\\\/promis.ro\\\/#website\"},\"primaryImageOfPage\":{\"@id\":\"https:\\\/\\\/promis.ro\\\/product\\\/madis\\\/#primaryimage\"},\"image\":{\"@id\":\"https:\\\/\\\/promis.ro\\\/product\\\/madis\\\/#primaryimage\"},\"thumbnailUrl\":\"https:\\\/\\\/promis.ro\\\/wp-content\\\/uploads\\\/2025\\\/11\\\/20404-W-1.jpg\",\"datePublished\":\"2025-11-04T22:50:58+00:00\",\"dateModified\":\"2025-11-11T15:49:39+00:00\",\"description\":\"Joc de \u021bint\u0103 din lemn. Implic\u0103 introducerea inelelor de sfoar\u0103 \u00een baza cu be\u021be de aceea\u0219i culoare (fiecare culoare puncteaz\u0103 diferit). Compact \u0219i u\u0219or de\",\"breadcrumb\":{\"@id\":\"https:\\\/\\\/promis.ro\\\/product\\\/madis\\\/#breadcrumb\"},\"inLanguage\":\"ro-RO\",\"potentialAction\":[{\"@type\":\"ReadAction\",\"target\":[\"https:\\\/\\\/promis.ro\\\/product\\\/madis\\\/\"]}]},{\"@type\":\"ImageObject\",\"inLanguage\":\"ro-RO\",\"@id\":\"https:\\\/\\\/promis.ro\\\/product\\\/madis\\\/#primaryimage\",\"url\":\"https:\\\/\\\/promis.ro\\\/wp-content\\\/uploads\\\/2025\\\/11\\\/20404-W-1.jpg\",\"contentUrl\":\"https:\\\/\\\/promis.ro\\\/wp-content\\\/uploads\\\/2025\\\/11\\\/20404-W-1.jpg\",\"width\":1080,\"height\":1080},{\"@type\":\"BreadcrumbList\",\"@id\":\"https:\\\/\\\/promis.ro\\\/product\\\/madis\\\/#breadcrumb\",\"itemListElement\":[{\"@type\":\"ListItem\",\"position\":1,\"name\":\"Home\",\"item\":\"https:\\\/\\\/promis.ro\\\/\"},{\"@type\":\"ListItem\",\"position\":2,\"name\":\"Magazin\",\"item\":\"https:\\\/\\\/promis.ro\\\/magazin\\\/\"},{\"@type\":\"ListItem\",\"position\":3,\"name\":\"Madis\"}]},{\"@type\":\"WebSite\",\"@id\":\"https:\\\/\\\/promis.ro\\\/#website\",\"url\":\"https:\\\/\\\/promis.ro\\\/\",\"name\":\"Promis.ro\",\"description\":\"\",\"potentialAction\":[{\"@type\":\"SearchAction\",\"target\":{\"@type\":\"EntryPoint\",\"urlTemplate\":\"https:\\\/\\\/promis.ro\\\/?s={search_term_string}\"},\"query-input\":{\"@type\":\"PropertyValueSpecification\",\"valueRequired\":true,\"valueName\":\"search_term_string\"}}],\"inLanguage\":\"ro-RO\"}]}<\/script>\n<!-- \/ Yoast SEO plugin. -->","yoast_head_json":{"title":"Madis - Promis.ro","description":"Joc de \u021bint\u0103 din lemn. Implic\u0103 introducerea inelelor de sfoar\u0103 \u00een baza cu be\u021be de aceea\u0219i culoare (fiecare culoare puncteaz\u0103 diferit). Compact \u0219i u\u0219or de","robots":{"index":"index","follow":"follow","max-snippet":"max-snippet:-1","max-image-preview":"max-image-preview:large","max-video-preview":"max-video-preview:-1"},"canonical":"https:\/\/promis.ro\/ro\/produs\/madis\/","og_locale":"ro_RO","og_type":"article","og_title":"Madis - Promis.ro","og_description":"Joc de \u021bint\u0103 din lemn. Implic\u0103 introducerea inelelor de sfoar\u0103 \u00een baza cu be\u021be de aceea\u0219i culoare (fiecare culoare puncteaz\u0103 diferit). Compact \u0219i u\u0219or de","og_url":"https:\/\/promis.ro\/ro\/produs\/madis\/","og_site_name":"Promis.ro","article_modified_time":"2025-11-11T15:49:39+00:00","og_image":[{"width":1080,"height":1080,"url":"https:\/\/promis.ro\/wp-content\/uploads\/2025\/11\/20404-W-1.jpg","type":"image\/jpeg"}],"twitter_card":"summary_large_image","schema":{"@context":"https:\/\/schema.org","@graph":[{"@type":"WebPage","@id":"https:\/\/promis.ro\/product\/madis\/","url":"https:\/\/promis.ro\/product\/madis\/","name":"Madis - Promis.ro","isPartOf":{"@id":"https:\/\/promis.ro\/#website"},"primaryImageOfPage":{"@id":"https:\/\/promis.ro\/product\/madis\/#primaryimage"},"image":{"@id":"https:\/\/promis.ro\/product\/madis\/#primaryimage"},"thumbnailUrl":"https:\/\/promis.ro\/wp-content\/uploads\/2025\/11\/20404-W-1.jpg","datePublished":"2025-11-04T22:50:58+00:00","dateModified":"2025-11-11T15:49:39+00:00","description":"Joc de \u021bint\u0103 din lemn. Implic\u0103 introducerea inelelor de sfoar\u0103 \u00een baza cu be\u021be de aceea\u0219i culoare (fiecare culoare puncteaz\u0103 diferit). Compact \u0219i u\u0219or de","breadcrumb":{"@id":"https:\/\/promis.ro\/product\/madis\/#breadcrumb"},"inLanguage":"ro-RO","potentialAction":[{"@type":"ReadAction","target":["https:\/\/promis.ro\/product\/madis\/"]}]},{"@type":"ImageObject","inLanguage":"ro-RO","@id":"https:\/\/promis.ro\/product\/madis\/#primaryimage","url":"https:\/\/promis.ro\/wp-content\/uploads\/2025\/11\/20404-W-1.jpg","contentUrl":"https:\/\/promis.ro\/wp-content\/uploads\/2025\/11\/20404-W-1.jpg","width":1080,"height":1080},{"@type":"BreadcrumbList","@id":"https:\/\/promis.ro\/product\/madis\/#breadcrumb","itemListElement":[{"@type":"ListItem","position":1,"name":"Home","item":"https:\/\/promis.ro\/"},{"@type":"ListItem","position":2,"name":"Magazin","item":"https:\/\/promis.ro\/magazin\/"},{"@type":"ListItem","position":3,"name":"Madis"}]},{"@type":"WebSite","@id":"https:\/\/promis.ro\/#website","url":"https:\/\/promis.ro\/","name":"Promis.ro","description":"","potentialAction":[{"@type":"SearchAction","target":{"@type":"EntryPoint","urlTemplate":"https:\/\/promis.ro\/?s={search_term_string}"},"query-input":{"@type":"PropertyValueSpecification","valueRequired":true,"valueName":"search_term_string"}}],"inLanguage":"ro-RO"}]}},"_links":{"self":[{"href":"https:\/\/promis.ro\/ro\/wp-json\/wp\/v2\/product\/91558","targetHints":{"allow":["GET"]}}],"collection":[{"href":"https:\/\/promis.ro\/ro\/wp-json\/wp\/v2\/product"}],"about":[{"href":"https:\/\/promis.ro\/ro\/wp-json\/wp\/v2\/types\/product"}],"replies":[{"embeddable":true,"href":"https:\/\/promis.ro\/ro\/wp-json\/wp\/v2\/comments?post=91558"}],"version-history":[{"count":1,"href":"https:\/\/promis.ro\/ro\/wp-json\/wp\/v2\/product\/91558\/revisions"}],"predecessor-version":[{"id":111137,"href":"https:\/\/promis.ro\/ro\/wp-json\/wp\/v2\/product\/91558\/revisions\/111137"}],"wp:featuredmedia":[{"embeddable":true,"href":"https:\/\/promis.ro\/ro\/wp-json\/wp\/v2\/media\/130698"}],"wp:attachment":[{"href":"https:\/\/promis.ro\/ro\/wp-json\/wp\/v2\/media?parent=91558"}],"wp:term":[{"taxonomy":"product_brand","embeddable":true,"href":"https:\/\/promis.ro\/ro\/wp-json\/wp\/v2\/product_brand?post=91558"},{"taxonomy":"product_cat","embeddable":true,"href":"https:\/\/promis.ro\/ro\/wp-json\/wp\/v2\/product_cat?post=91558"},{"taxonomy":"product_tag","embeddable":true,"href":"https:\/\/promis.ro\/ro\/wp-json\/wp\/v2\/product_tag?post=91558"}],"curies":[{"name":"wp","href":"https:\/\/api.w.org\/{rel}","templated":true}]}}