{"id":91559,"date":"2025-11-04T22:50:58","date_gmt":"2025-11-04T22:50:58","guid":{"rendered":"https:\/\/promis.ro\/product\/wolen\/"},"modified":"2025-11-11T15:49:45","modified_gmt":"2025-11-11T15:49:45","slug":"wolen","status":"publish","type":"product","link":"https:\/\/promis.ro\/ro\/produs\/wolen\/","title":{"rendered":"Wolen"},"content":{"rendered":"<p>Joc de societate distractiv, realizat din lemn \u0219i ideal pentru cei mai competitivi juc\u0103tori. Jocul const\u0103 \u00een lansarea pieselor pe terenul adversarului folosind banda elastic\u0103. C\u00e2\u0219tig\u0103torul este juc\u0103torul cu cele mai multe tokenuri introduse \u00een slotul adversarului. Include tabl\u0103, 5 piese albe \u0219i 5 piese negre. Prezentat \u00eentr-o cutie individual\u0103 cu design din kraft.<\/p>","protected":false},"excerpt":{"rendered":"<p>Joc de societate distractiv, realizat din lemn \u0219i ideal pentru cei mai competitivi juc\u0103tori. Jocul const\u0103 \u00een lansarea pieselor pe<\/p>","protected":false},"featured_media":130701,"comment_status":"open","ping_status":"closed","template":"","meta":[],"product_brand":[],"product_cat":[197],"product_tag":[],"class_list":{"0":"post-91559","1":"product","2":"type-product","3":"status-publish","4":"has-post-thumbnail","6":"product_cat-articole-durabile","8":"first","9":"instock","10":"shipping-taxable","11":"purchasable","12":"product-type-simple"},"yoast_head":"<!-- This site is optimized with the Yoast SEO plugin v27.4 - https:\/\/yoast.com\/product\/yoast-seo-wordpress\/ -->\n<title>Wolen - Promis.ro<\/title>\n<meta name=\"description\" content=\"Joc de societate distractiv, realizat din lemn \u0219i ideal pentru cei mai competitivi juc\u0103tori. Jocul const\u0103 \u00een lansarea pieselor pe terenul adversarului\" \/>\n<meta name=\"robots\" content=\"index, follow, max-snippet:-1, max-image-preview:large, max-video-preview:-1\" \/>\n<link rel=\"canonical\" href=\"https:\/\/promis.ro\/ro\/produs\/wolen\/\" \/>\n<meta property=\"og:locale\" content=\"ro_RO\" \/>\n<meta property=\"og:type\" content=\"article\" \/>\n<meta property=\"og:title\" content=\"Wolen - Promis.ro\" \/>\n<meta property=\"og:description\" content=\"Joc de societate distractiv, realizat din lemn \u0219i ideal pentru cei mai competitivi juc\u0103tori. Jocul const\u0103 \u00een lansarea pieselor pe terenul adversarului\" \/>\n<meta property=\"og:url\" content=\"https:\/\/promis.ro\/ro\/produs\/wolen\/\" \/>\n<meta property=\"og:site_name\" content=\"Promis.ro\" \/>\n<meta property=\"article:modified_time\" content=\"2025-11-11T15:49:45+00:00\" \/>\n<meta property=\"og:image\" content=\"https:\/\/promis.ro\/wp-content\/uploads\/2025\/11\/20405-W-1.jpg\" \/>\n\t<meta property=\"og:image:width\" content=\"1080\" \/>\n\t<meta property=\"og:image:height\" content=\"1080\" \/>\n\t<meta property=\"og:image:type\" content=\"image\/jpeg\" \/>\n<meta name=\"twitter:card\" content=\"summary_large_image\" \/>\n<script type=\"application\/ld+json\" class=\"yoast-schema-graph\">{\"@context\":\"https:\\\/\\\/schema.org\",\"@graph\":[{\"@type\":\"WebPage\",\"@id\":\"https:\\\/\\\/promis.ro\\\/product\\\/wolen\\\/\",\"url\":\"https:\\\/\\\/promis.ro\\\/product\\\/wolen\\\/\",\"name\":\"Wolen - Promis.ro\",\"isPartOf\":{\"@id\":\"https:\\\/\\\/promis.ro\\\/#website\"},\"primaryImageOfPage\":{\"@id\":\"https:\\\/\\\/promis.ro\\\/product\\\/wolen\\\/#primaryimage\"},\"image\":{\"@id\":\"https:\\\/\\\/promis.ro\\\/product\\\/wolen\\\/#primaryimage\"},\"thumbnailUrl\":\"https:\\\/\\\/promis.ro\\\/wp-content\\\/uploads\\\/2025\\\/11\\\/20405-W-1.jpg\",\"datePublished\":\"2025-11-04T22:50:58+00:00\",\"dateModified\":\"2025-11-11T15:49:45+00:00\",\"description\":\"Joc de societate distractiv, realizat din lemn \u0219i ideal pentru cei mai competitivi juc\u0103tori. Jocul const\u0103 \u00een lansarea pieselor pe terenul adversarului\",\"breadcrumb\":{\"@id\":\"https:\\\/\\\/promis.ro\\\/product\\\/wolen\\\/#breadcrumb\"},\"inLanguage\":\"ro-RO\",\"potentialAction\":[{\"@type\":\"ReadAction\",\"target\":[\"https:\\\/\\\/promis.ro\\\/product\\\/wolen\\\/\"]}]},{\"@type\":\"ImageObject\",\"inLanguage\":\"ro-RO\",\"@id\":\"https:\\\/\\\/promis.ro\\\/product\\\/wolen\\\/#primaryimage\",\"url\":\"https:\\\/\\\/promis.ro\\\/wp-content\\\/uploads\\\/2025\\\/11\\\/20405-W-1.jpg\",\"contentUrl\":\"https:\\\/\\\/promis.ro\\\/wp-content\\\/uploads\\\/2025\\\/11\\\/20405-W-1.jpg\",\"width\":1080,\"height\":1080},{\"@type\":\"BreadcrumbList\",\"@id\":\"https:\\\/\\\/promis.ro\\\/product\\\/wolen\\\/#breadcrumb\",\"itemListElement\":[{\"@type\":\"ListItem\",\"position\":1,\"name\":\"Home\",\"item\":\"https:\\\/\\\/promis.ro\\\/\"},{\"@type\":\"ListItem\",\"position\":2,\"name\":\"Magazin\",\"item\":\"https:\\\/\\\/promis.ro\\\/magazin\\\/\"},{\"@type\":\"ListItem\",\"position\":3,\"name\":\"Wolen\"}]},{\"@type\":\"WebSite\",\"@id\":\"https:\\\/\\\/promis.ro\\\/#website\",\"url\":\"https:\\\/\\\/promis.ro\\\/\",\"name\":\"Promis.ro\",\"description\":\"\",\"potentialAction\":[{\"@type\":\"SearchAction\",\"target\":{\"@type\":\"EntryPoint\",\"urlTemplate\":\"https:\\\/\\\/promis.ro\\\/?s={search_term_string}\"},\"query-input\":{\"@type\":\"PropertyValueSpecification\",\"valueRequired\":true,\"valueName\":\"search_term_string\"}}],\"inLanguage\":\"ro-RO\"}]}<\/script>\n<!-- \/ Yoast SEO plugin. -->","yoast_head_json":{"title":"Wolen - Promis.ro","description":"Joc de societate distractiv, realizat din lemn \u0219i ideal pentru cei mai competitivi juc\u0103tori. Jocul const\u0103 \u00een lansarea pieselor pe terenul adversarului","robots":{"index":"index","follow":"follow","max-snippet":"max-snippet:-1","max-image-preview":"max-image-preview:large","max-video-preview":"max-video-preview:-1"},"canonical":"https:\/\/promis.ro\/ro\/produs\/wolen\/","og_locale":"ro_RO","og_type":"article","og_title":"Wolen - Promis.ro","og_description":"Joc de societate distractiv, realizat din lemn \u0219i ideal pentru cei mai competitivi juc\u0103tori. Jocul const\u0103 \u00een lansarea pieselor pe terenul adversarului","og_url":"https:\/\/promis.ro\/ro\/produs\/wolen\/","og_site_name":"Promis.ro","article_modified_time":"2025-11-11T15:49:45+00:00","og_image":[{"width":1080,"height":1080,"url":"https:\/\/promis.ro\/wp-content\/uploads\/2025\/11\/20405-W-1.jpg","type":"image\/jpeg"}],"twitter_card":"summary_large_image","schema":{"@context":"https:\/\/schema.org","@graph":[{"@type":"WebPage","@id":"https:\/\/promis.ro\/product\/wolen\/","url":"https:\/\/promis.ro\/product\/wolen\/","name":"Wolen - Promis.ro","isPartOf":{"@id":"https:\/\/promis.ro\/#website"},"primaryImageOfPage":{"@id":"https:\/\/promis.ro\/product\/wolen\/#primaryimage"},"image":{"@id":"https:\/\/promis.ro\/product\/wolen\/#primaryimage"},"thumbnailUrl":"https:\/\/promis.ro\/wp-content\/uploads\/2025\/11\/20405-W-1.jpg","datePublished":"2025-11-04T22:50:58+00:00","dateModified":"2025-11-11T15:49:45+00:00","description":"Joc de societate distractiv, realizat din lemn \u0219i ideal pentru cei mai competitivi juc\u0103tori. Jocul const\u0103 \u00een lansarea pieselor pe terenul adversarului","breadcrumb":{"@id":"https:\/\/promis.ro\/product\/wolen\/#breadcrumb"},"inLanguage":"ro-RO","potentialAction":[{"@type":"ReadAction","target":["https:\/\/promis.ro\/product\/wolen\/"]}]},{"@type":"ImageObject","inLanguage":"ro-RO","@id":"https:\/\/promis.ro\/product\/wolen\/#primaryimage","url":"https:\/\/promis.ro\/wp-content\/uploads\/2025\/11\/20405-W-1.jpg","contentUrl":"https:\/\/promis.ro\/wp-content\/uploads\/2025\/11\/20405-W-1.jpg","width":1080,"height":1080},{"@type":"BreadcrumbList","@id":"https:\/\/promis.ro\/product\/wolen\/#breadcrumb","itemListElement":[{"@type":"ListItem","position":1,"name":"Home","item":"https:\/\/promis.ro\/"},{"@type":"ListItem","position":2,"name":"Magazin","item":"https:\/\/promis.ro\/magazin\/"},{"@type":"ListItem","position":3,"name":"Wolen"}]},{"@type":"WebSite","@id":"https:\/\/promis.ro\/#website","url":"https:\/\/promis.ro\/","name":"Promis.ro","description":"","potentialAction":[{"@type":"SearchAction","target":{"@type":"EntryPoint","urlTemplate":"https:\/\/promis.ro\/?s={search_term_string}"},"query-input":{"@type":"PropertyValueSpecification","valueRequired":true,"valueName":"search_term_string"}}],"inLanguage":"ro-RO"}]}},"_links":{"self":[{"href":"https:\/\/promis.ro\/ro\/wp-json\/wp\/v2\/product\/91559","targetHints":{"allow":["GET"]}}],"collection":[{"href":"https:\/\/promis.ro\/ro\/wp-json\/wp\/v2\/product"}],"about":[{"href":"https:\/\/promis.ro\/ro\/wp-json\/wp\/v2\/types\/product"}],"replies":[{"embeddable":true,"href":"https:\/\/promis.ro\/ro\/wp-json\/wp\/v2\/comments?post=91559"}],"version-history":[{"count":2,"href":"https:\/\/promis.ro\/ro\/wp-json\/wp\/v2\/product\/91559\/revisions"}],"predecessor-version":[{"id":111128,"href":"https:\/\/promis.ro\/ro\/wp-json\/wp\/v2\/product\/91559\/revisions\/111128"}],"wp:featuredmedia":[{"embeddable":true,"href":"https:\/\/promis.ro\/ro\/wp-json\/wp\/v2\/media\/130701"}],"wp:attachment":[{"href":"https:\/\/promis.ro\/ro\/wp-json\/wp\/v2\/media?parent=91559"}],"wp:term":[{"taxonomy":"product_brand","embeddable":true,"href":"https:\/\/promis.ro\/ro\/wp-json\/wp\/v2\/product_brand?post=91559"},{"taxonomy":"product_cat","embeddable":true,"href":"https:\/\/promis.ro\/ro\/wp-json\/wp\/v2\/product_cat?post=91559"},{"taxonomy":"product_tag","embeddable":true,"href":"https:\/\/promis.ro\/ro\/wp-json\/wp\/v2\/product_tag?post=91559"}],"curies":[{"name":"wp","href":"https:\/\/api.w.org\/{rel}","templated":true}]}}