{"id":91606,"date":"2025-11-04T22:51:24","date_gmt":"2025-11-04T22:51:24","guid":{"rendered":"https:\/\/promis.ro\/product\/olexa\/"},"modified":"2025-11-11T15:54:28","modified_gmt":"2025-11-11T15:54:28","slug":"olexa","status":"publish","type":"product","link":"https:\/\/promis.ro\/ro\/produs\/olexa\/","title":{"rendered":"Olexa"},"content":{"rendered":"<p>Unelte multifunc\u021bional\u0103 complet\u0103 cu 16 func\u021bii din o\u021bel inoxidabil. Include: carabin\u0103 pentru transport u\u0219or, zon\u0103 plat\u0103 pentru func\u021bia de \u0219urubelni\u021b\u0103, deschiz\u0103tor de sticle, rigl\u0103 de p\u00e2n\u0103 la 5 cm pe o parte, parte central\u0103 pentru piuli\u021be de 11 dimensiuni diferite (de la 1\/4 la 11) \u0219i lingur\u0103\/furculi\u021b\u0103 practic\u0103. Prezentat\u0103 \u00eentr-un sac individual.<\/p>","protected":false},"excerpt":{"rendered":"<p>Unelte multifunc\u021bional\u0103 complet\u0103 cu 16 func\u021bii din o\u021bel inoxidabil. Include: carabin\u0103 pentru transport u\u0219or, zon\u0103 plat\u0103 pentru func\u021bia de \u0219urubelni\u021b\u0103,<\/p>","protected":false},"featured_media":131023,"comment_status":"open","ping_status":"closed","template":"","meta":[],"product_brand":[],"product_cat":[177],"product_tag":[],"class_list":{"0":"post-91606","1":"product","2":"type-product","3":"status-publish","4":"has-post-thumbnail","6":"product_cat-timp-liber-si-divertisment","8":"first","9":"instock","10":"shipping-taxable","11":"purchasable","12":"product-type-simple"},"_links":{"self":[{"href":"https:\/\/promis.ro\/ro\/wp-json\/wp\/v2\/product\/91606","targetHints":{"allow":["GET"]}}],"collection":[{"href":"https:\/\/promis.ro\/ro\/wp-json\/wp\/v2\/product"}],"about":[{"href":"https:\/\/promis.ro\/ro\/wp-json\/wp\/v2\/types\/product"}],"replies":[{"embeddable":true,"href":"https:\/\/promis.ro\/ro\/wp-json\/wp\/v2\/comments?post=91606"}],"version-history":[{"count":1,"href":"https:\/\/promis.ro\/ro\/wp-json\/wp\/v2\/product\/91606\/revisions"}],"predecessor-version":[{"id":111189,"href":"https:\/\/promis.ro\/ro\/wp-json\/wp\/v2\/product\/91606\/revisions\/111189"}],"wp:featuredmedia":[{"embeddable":true,"href":"https:\/\/promis.ro\/ro\/wp-json\/wp\/v2\/media\/131023"}],"wp:attachment":[{"href":"https:\/\/promis.ro\/ro\/wp-json\/wp\/v2\/media?parent=91606"}],"wp:term":[{"taxonomy":"product_brand","embeddable":true,"href":"https:\/\/promis.ro\/ro\/wp-json\/wp\/v2\/product_brand?post=91606"},{"taxonomy":"product_cat","embeddable":true,"href":"https:\/\/promis.ro\/ro\/wp-json\/wp\/v2\/product_cat?post=91606"},{"taxonomy":"product_tag","embeddable":true,"href":"https:\/\/promis.ro\/ro\/wp-json\/wp\/v2\/product_tag?post=91606"}],"curies":[{"name":"wp","href":"https:\/\/api.w.org\/{rel}","templated":true}]}}