{"id":91734,"date":"2025-11-04T22:52:20","date_gmt":"2025-11-04T22:52:20","guid":{"rendered":"https:\/\/promis.ro\/product\/sekmed\/"},"modified":"2025-11-11T15:56:12","modified_gmt":"2025-11-11T15:56:12","slug":"sekmed","status":"publish","type":"product","link":"https:\/\/promis.ro\/ro\/produs\/sekmed\/","title":{"rendered":"Sekmed"},"content":{"rendered":"<p>Unelte multifunc\u021bional\u0103 eficient\u0103 cu cap rotativ, fabricat\u0103 din o\u021bel inoxidabil cu finisaj negru. Cu 10 func\u021bii: chei Allen, cheie hexagonal\u0103 \u00een diverse dimensiuni, rigl\u0103 \u0219i un accesoriu practic de transport cu \u00eenchidere tip cataram\u0103. Prezentat\u0103 \u00eentr-o pung\u0103 din h\u00e2rtie kraft reciclat\u0103.<\/p>","protected":false},"excerpt":{"rendered":"<p>Unelte multifunc\u021bional\u0103 eficient\u0103 cu cap rotativ, fabricat\u0103 din o\u021bel inoxidabil cu finisaj negru. Cu 10 func\u021bii: chei Allen, cheie hexagonal\u0103<\/p>","protected":false},"featured_media":131116,"comment_status":"open","ping_status":"closed","template":"","meta":[],"product_brand":[],"product_cat":[184],"product_tag":[],"class_list":{"0":"post-91734","1":"product","2":"type-product","3":"status-publish","4":"has-post-thumbnail","6":"product_cat-unelte-pentru-bricolaj-si-masini","8":"first","9":"instock","10":"shipping-taxable","11":"purchasable","12":"product-type-simple"},"_links":{"self":[{"href":"https:\/\/promis.ro\/ro\/wp-json\/wp\/v2\/product\/91734","targetHints":{"allow":["GET"]}}],"collection":[{"href":"https:\/\/promis.ro\/ro\/wp-json\/wp\/v2\/product"}],"about":[{"href":"https:\/\/promis.ro\/ro\/wp-json\/wp\/v2\/types\/product"}],"replies":[{"embeddable":true,"href":"https:\/\/promis.ro\/ro\/wp-json\/wp\/v2\/comments?post=91734"}],"version-history":[{"count":1,"href":"https:\/\/promis.ro\/ro\/wp-json\/wp\/v2\/product\/91734\/revisions"}],"predecessor-version":[{"id":111191,"href":"https:\/\/promis.ro\/ro\/wp-json\/wp\/v2\/product\/91734\/revisions\/111191"}],"wp:featuredmedia":[{"embeddable":true,"href":"https:\/\/promis.ro\/ro\/wp-json\/wp\/v2\/media\/131116"}],"wp:attachment":[{"href":"https:\/\/promis.ro\/ro\/wp-json\/wp\/v2\/media?parent=91734"}],"wp:term":[{"taxonomy":"product_brand","embeddable":true,"href":"https:\/\/promis.ro\/ro\/wp-json\/wp\/v2\/product_brand?post=91734"},{"taxonomy":"product_cat","embeddable":true,"href":"https:\/\/promis.ro\/ro\/wp-json\/wp\/v2\/product_cat?post=91734"},{"taxonomy":"product_tag","embeddable":true,"href":"https:\/\/promis.ro\/ro\/wp-json\/wp\/v2\/product_tag?post=91734"}],"curies":[{"name":"wp","href":"https:\/\/api.w.org\/{rel}","templated":true}]}}