{"id":91744,"date":"2025-11-04T22:52:27","date_gmt":"2025-11-04T22:52:27","guid":{"rendered":"https:\/\/promis.ro\/product\/borah\/"},"modified":"2025-11-11T15:56:58","modified_gmt":"2025-11-11T15:56:58","slug":"borah","status":"publish","type":"product","link":"https:\/\/promis.ro\/ro\/produs\/borah\/","title":{"rendered":"Borah"},"content":{"rendered":"<p>Lantern\u0103 puternic\u0103 cu baterie re\u00eenc\u0103rcabil\u0103, fabricat\u0103 din aluminiu cu finisaj negru. Lumin\u0103 frontal\u0103 cu 1 LED \u0219i cap ajustabil, pentru lumin\u0103 punctiform\u0103 sau difuz\u0103. Include 10 lumini COB \u00een m\u00e2ner \u0219i trei moduri de iluminare (constant \u0219i dou\u0103 viteze de flash). Alimentat\u0103 de o baterie re\u00eenc\u0103rcabil\u0103 de 400 mAh, inclusiv cablu micro USB. Prezentat\u0103 individual \u00eentr-o cutie de design.<\/p>","protected":false},"excerpt":{"rendered":"<p>Lantern\u0103 puternic\u0103 cu baterie re\u00eenc\u0103rcabil\u0103, fabricat\u0103 din aluminiu cu finisaj negru. Lumin\u0103 frontal\u0103 cu 1 LED \u0219i cap ajustabil, pentru<\/p>","protected":false},"featured_media":131153,"comment_status":"open","ping_status":"closed","template":"","meta":[],"product_brand":[],"product_cat":[184],"product_tag":[],"class_list":{"0":"post-91744","1":"product","2":"type-product","3":"status-publish","4":"has-post-thumbnail","6":"product_cat-unelte-pentru-bricolaj-si-masini","8":"first","9":"outofstock","10":"shipping-taxable","11":"purchasable","12":"product-type-simple"},"_links":{"self":[{"href":"https:\/\/promis.ro\/ro\/wp-json\/wp\/v2\/product\/91744","targetHints":{"allow":["GET"]}}],"collection":[{"href":"https:\/\/promis.ro\/ro\/wp-json\/wp\/v2\/product"}],"about":[{"href":"https:\/\/promis.ro\/ro\/wp-json\/wp\/v2\/types\/product"}],"replies":[{"embeddable":true,"href":"https:\/\/promis.ro\/ro\/wp-json\/wp\/v2\/comments?post=91744"}],"version-history":[{"count":1,"href":"https:\/\/promis.ro\/ro\/wp-json\/wp\/v2\/product\/91744\/revisions"}],"predecessor-version":[{"id":111206,"href":"https:\/\/promis.ro\/ro\/wp-json\/wp\/v2\/product\/91744\/revisions\/111206"}],"wp:featuredmedia":[{"embeddable":true,"href":"https:\/\/promis.ro\/ro\/wp-json\/wp\/v2\/media\/131153"}],"wp:attachment":[{"href":"https:\/\/promis.ro\/ro\/wp-json\/wp\/v2\/media?parent=91744"}],"wp:term":[{"taxonomy":"product_brand","embeddable":true,"href":"https:\/\/promis.ro\/ro\/wp-json\/wp\/v2\/product_brand?post=91744"},{"taxonomy":"product_cat","embeddable":true,"href":"https:\/\/promis.ro\/ro\/wp-json\/wp\/v2\/product_cat?post=91744"},{"taxonomy":"product_tag","embeddable":true,"href":"https:\/\/promis.ro\/ro\/wp-json\/wp\/v2\/product_tag?post=91744"}],"curies":[{"name":"wp","href":"https:\/\/api.w.org\/{rel}","templated":true}]}}