{"id":91746,"date":"2025-11-04T22:52:28","date_gmt":"2025-11-04T22:52:28","guid":{"rendered":"https:\/\/promis.ro\/product\/dichen-1m\/"},"modified":"2025-11-11T15:57:06","modified_gmt":"2025-11-11T15:57:06","slug":"dichen-1m","status":"publish","type":"product","link":"https:\/\/promis.ro\/ro\/produs\/dichen-1m\/","title":{"rendered":"Dichen 1m"},"content":{"rendered":"<p>1 m flexometru din bambus, cu lam\u0103 metalic\u0103 \u00een centimetri \u0219i inci. Cu curea de transport \u0219i prezentat \u00eentr-o cutie de design kraft. Materiale precum bambusul promoveaz\u0103 utilizarea materiilor prime naturale, reduc\u00e2nd astfel emisiile de poluan\u021bi. Provine dintr-o plant\u0103 foarte rezistent\u0103 \u0219i versatil\u0103, cu cre\u0219tere \u0219i regenerare rapid\u0103, f\u0103c\u00e2ndu-l o alternativ\u0103 excelent\u0103 la utilizarea lemnului tradi\u021bional.<\/p>","protected":false},"excerpt":{"rendered":"<p>1 m flexometru din bambus, cu lam\u0103 metalic\u0103 \u00een centimetri \u0219i inci. Cu curea de transport \u0219i prezentat \u00eentr-o cutie<\/p>","protected":false},"featured_media":131159,"comment_status":"open","ping_status":"closed","template":"","meta":[],"product_brand":[],"product_cat":[184],"product_tag":[],"class_list":{"0":"post-91746","1":"product","2":"type-product","3":"status-publish","4":"has-post-thumbnail","6":"product_cat-unelte-pentru-bricolaj-si-masini","8":"first","9":"instock","10":"shipping-taxable","11":"purchasable","12":"product-type-simple"},"_links":{"self":[{"href":"https:\/\/promis.ro\/ro\/wp-json\/wp\/v2\/product\/91746","targetHints":{"allow":["GET"]}}],"collection":[{"href":"https:\/\/promis.ro\/ro\/wp-json\/wp\/v2\/product"}],"about":[{"href":"https:\/\/promis.ro\/ro\/wp-json\/wp\/v2\/types\/product"}],"replies":[{"embeddable":true,"href":"https:\/\/promis.ro\/ro\/wp-json\/wp\/v2\/comments?post=91746"}],"version-history":[{"count":1,"href":"https:\/\/promis.ro\/ro\/wp-json\/wp\/v2\/product\/91746\/revisions"}],"predecessor-version":[{"id":111210,"href":"https:\/\/promis.ro\/ro\/wp-json\/wp\/v2\/product\/91746\/revisions\/111210"}],"wp:featuredmedia":[{"embeddable":true,"href":"https:\/\/promis.ro\/ro\/wp-json\/wp\/v2\/media\/131159"}],"wp:attachment":[{"href":"https:\/\/promis.ro\/ro\/wp-json\/wp\/v2\/media?parent=91746"}],"wp:term":[{"taxonomy":"product_brand","embeddable":true,"href":"https:\/\/promis.ro\/ro\/wp-json\/wp\/v2\/product_brand?post=91746"},{"taxonomy":"product_cat","embeddable":true,"href":"https:\/\/promis.ro\/ro\/wp-json\/wp\/v2\/product_cat?post=91746"},{"taxonomy":"product_tag","embeddable":true,"href":"https:\/\/promis.ro\/ro\/wp-json\/wp\/v2\/product_tag?post=91746"}],"curies":[{"name":"wp","href":"https:\/\/api.w.org\/{rel}","templated":true}]}}