{"id":91748,"date":"2025-11-04T22:52:28","date_gmt":"2025-11-04T22:52:28","guid":{"rendered":"https:\/\/promis.ro\/product\/layla\/"},"modified":"2025-11-11T15:57:19","modified_gmt":"2025-11-11T15:57:19","slug":"layla","status":"publish","type":"product","link":"https:\/\/promis.ro\/ro\/produs\/layla\/","title":{"rendered":"Layla"},"content":{"rendered":"<p>Unelte multifunc\u021bional\u0103 practic\u0103, fabricat\u0103 din ABS durabil \u0219i o\u021bel inoxidabil, cu lantern\u0103 LED integrat\u0103. Include 19 l\u0103mpi laterale COB cu dou\u0103 pozi\u021bii de iluminare (constant\u0103 \u0219i intermitent\u0103). Are 13 func\u021bii, inclusiv cu\u021bit drept, cu\u021bit zim\u021bat, \u0219urubelni\u021b\u0103 Philips, foarfece, \u0219urubelni\u021be plate, cheie hexagonal\u0103 \u00een diverse dimensiuni, deschiz\u0103tor de conserve, deschiz\u0103tor de sticle \u0219i o pil\u0103. Cu magnet \u0219i m\u00e2ner. Alimentat\u0103 de 3 baterii AAA, nu sunt incluse. Prezentat\u0103 \u00eentr-o cutie cu design kraft.<\/p>","protected":false},"excerpt":{"rendered":"<p>Unelte multifunc\u021bional\u0103 practic\u0103, fabricat\u0103 din ABS durabil \u0219i o\u021bel inoxidabil, cu lantern\u0103 LED integrat\u0103. Include 19 l\u0103mpi laterale COB cu<\/p>","protected":false},"featured_media":131167,"comment_status":"open","ping_status":"closed","template":"","meta":[],"product_brand":[],"product_cat":[184],"product_tag":[],"class_list":{"0":"post-91748","1":"product","2":"type-product","3":"status-publish","4":"has-post-thumbnail","6":"product_cat-unelte-pentru-bricolaj-si-masini","8":"first","9":"instock","10":"shipping-taxable","11":"purchasable","12":"product-type-simple"},"_links":{"self":[{"href":"https:\/\/promis.ro\/ro\/wp-json\/wp\/v2\/product\/91748","targetHints":{"allow":["GET"]}}],"collection":[{"href":"https:\/\/promis.ro\/ro\/wp-json\/wp\/v2\/product"}],"about":[{"href":"https:\/\/promis.ro\/ro\/wp-json\/wp\/v2\/types\/product"}],"replies":[{"embeddable":true,"href":"https:\/\/promis.ro\/ro\/wp-json\/wp\/v2\/comments?post=91748"}],"version-history":[{"count":1,"href":"https:\/\/promis.ro\/ro\/wp-json\/wp\/v2\/product\/91748\/revisions"}],"predecessor-version":[{"id":111217,"href":"https:\/\/promis.ro\/ro\/wp-json\/wp\/v2\/product\/91748\/revisions\/111217"}],"wp:featuredmedia":[{"embeddable":true,"href":"https:\/\/promis.ro\/ro\/wp-json\/wp\/v2\/media\/131167"}],"wp:attachment":[{"href":"https:\/\/promis.ro\/ro\/wp-json\/wp\/v2\/media?parent=91748"}],"wp:term":[{"taxonomy":"product_brand","embeddable":true,"href":"https:\/\/promis.ro\/ro\/wp-json\/wp\/v2\/product_brand?post=91748"},{"taxonomy":"product_cat","embeddable":true,"href":"https:\/\/promis.ro\/ro\/wp-json\/wp\/v2\/product_cat?post=91748"},{"taxonomy":"product_tag","embeddable":true,"href":"https:\/\/promis.ro\/ro\/wp-json\/wp\/v2\/product_tag?post=91748"}],"curies":[{"name":"wp","href":"https:\/\/api.w.org\/{rel}","templated":true}]}}