{"id":91749,"date":"2025-11-04T22:52:29","date_gmt":"2025-11-04T22:52:29","guid":{"rendered":"https:\/\/promis.ro\/product\/hancuk\/"},"modified":"2025-11-11T15:57:23","modified_gmt":"2025-11-11T15:57:23","slug":"hancuk","status":"publish","type":"product","link":"https:\/\/promis.ro\/ro\/produs\/hancuk\/","title":{"rendered":"Hancuk"},"content":{"rendered":"<p>Set de unelte \u00een carcas\u0103 ABS cu lantern\u0103 \u00eencorporat\u0103 \u0219i m\u00e2ner ergonomic, furnizat cu 4 LED-uri alimentate de 3 baterii AAA (neincluse). Are 21 de accesorii \u00een interior: \u0219urubelni\u021be de precizie (plate \u0219i Philips), m\u00e2ner de unealt\u0103 multifunc\u021bional pentru bi\u021bi compatibili (Philips, plate, adaptoare), chei cu clichet \u0219i flexometru. Prezentat \u00eentr-o cutie de design kraft.<\/p>","protected":false},"excerpt":{"rendered":"<p>Set de unelte \u00een carcas\u0103 ABS cu lantern\u0103 \u00eencorporat\u0103 \u0219i m\u00e2ner ergonomic, furnizat cu 4 LED-uri alimentate de 3 baterii<\/p>","protected":false},"featured_media":131171,"comment_status":"open","ping_status":"closed","template":"","meta":[],"product_brand":[],"product_cat":[184],"product_tag":[],"class_list":{"0":"post-91749","1":"product","2":"type-product","3":"status-publish","4":"has-post-thumbnail","6":"product_cat-unelte-pentru-bricolaj-si-masini","8":"first","9":"instock","10":"shipping-taxable","11":"purchasable","12":"product-type-simple"},"_links":{"self":[{"href":"https:\/\/promis.ro\/ro\/wp-json\/wp\/v2\/product\/91749","targetHints":{"allow":["GET"]}}],"collection":[{"href":"https:\/\/promis.ro\/ro\/wp-json\/wp\/v2\/product"}],"about":[{"href":"https:\/\/promis.ro\/ro\/wp-json\/wp\/v2\/types\/product"}],"replies":[{"embeddable":true,"href":"https:\/\/promis.ro\/ro\/wp-json\/wp\/v2\/comments?post=91749"}],"version-history":[{"count":1,"href":"https:\/\/promis.ro\/ro\/wp-json\/wp\/v2\/product\/91749\/revisions"}],"predecessor-version":[{"id":111220,"href":"https:\/\/promis.ro\/ro\/wp-json\/wp\/v2\/product\/91749\/revisions\/111220"}],"wp:featuredmedia":[{"embeddable":true,"href":"https:\/\/promis.ro\/ro\/wp-json\/wp\/v2\/media\/131171"}],"wp:attachment":[{"href":"https:\/\/promis.ro\/ro\/wp-json\/wp\/v2\/media?parent=91749"}],"wp:term":[{"taxonomy":"product_brand","embeddable":true,"href":"https:\/\/promis.ro\/ro\/wp-json\/wp\/v2\/product_brand?post=91749"},{"taxonomy":"product_cat","embeddable":true,"href":"https:\/\/promis.ro\/ro\/wp-json\/wp\/v2\/product_cat?post=91749"},{"taxonomy":"product_tag","embeddable":true,"href":"https:\/\/promis.ro\/ro\/wp-json\/wp\/v2\/product_tag?post=91749"}],"curies":[{"name":"wp","href":"https:\/\/api.w.org\/{rel}","templated":true}]}}