{"id":91750,"date":"2025-11-04T22:52:29","date_gmt":"2025-11-04T22:52:29","guid":{"rendered":"https:\/\/promis.ro\/product\/zephyr\/"},"modified":"2025-11-11T15:57:28","modified_gmt":"2025-11-11T15:57:28","slug":"zephyr","status":"publish","type":"product","link":"https:\/\/promis.ro\/ro\/produs\/zephyr\/","title":{"rendered":"Zephyr"},"content":{"rendered":"<p>Set de unelte practic, realizat din paie de gr\u00e2u, cu interior t\u0103iat pentru o potrivire perfect\u0103. Include un \u0219urubelni\u021b\u0103 de precizie cu 24 de accesorii, const\u00e2nd din diverse capete: capete philips, allen \u0219i plate. Cu un logo din paie de gr\u00e2u inclus \u0219i prezentat \u00eentr-o cutie de design kraft. Paiele de gr\u00e2u promoveaz\u0103 utilizarea materiilor prime naturale, reduc\u00e2nd astfel emisiile de poluan\u021bi.<\/p>","protected":false},"excerpt":{"rendered":"<p>Set de unelte practic, realizat din paie de gr\u00e2u, cu interior t\u0103iat pentru o potrivire perfect\u0103. Include un \u0219urubelni\u021b\u0103 de<\/p>","protected":false},"featured_media":131175,"comment_status":"open","ping_status":"closed","template":"","meta":[],"product_brand":[],"product_cat":[197],"product_tag":[],"class_list":{"0":"post-91750","1":"product","2":"type-product","3":"status-publish","4":"has-post-thumbnail","6":"product_cat-articole-durabile","8":"first","9":"instock","10":"shipping-taxable","11":"purchasable","12":"product-type-simple"},"_links":{"self":[{"href":"https:\/\/promis.ro\/ro\/wp-json\/wp\/v2\/product\/91750","targetHints":{"allow":["GET"]}}],"collection":[{"href":"https:\/\/promis.ro\/ro\/wp-json\/wp\/v2\/product"}],"about":[{"href":"https:\/\/promis.ro\/ro\/wp-json\/wp\/v2\/types\/product"}],"replies":[{"embeddable":true,"href":"https:\/\/promis.ro\/ro\/wp-json\/wp\/v2\/comments?post=91750"}],"version-history":[{"count":1,"href":"https:\/\/promis.ro\/ro\/wp-json\/wp\/v2\/product\/91750\/revisions"}],"predecessor-version":[{"id":111218,"href":"https:\/\/promis.ro\/ro\/wp-json\/wp\/v2\/product\/91750\/revisions\/111218"}],"wp:featuredmedia":[{"embeddable":true,"href":"https:\/\/promis.ro\/ro\/wp-json\/wp\/v2\/media\/131175"}],"wp:attachment":[{"href":"https:\/\/promis.ro\/ro\/wp-json\/wp\/v2\/media?parent=91750"}],"wp:term":[{"taxonomy":"product_brand","embeddable":true,"href":"https:\/\/promis.ro\/ro\/wp-json\/wp\/v2\/product_brand?post=91750"},{"taxonomy":"product_cat","embeddable":true,"href":"https:\/\/promis.ro\/ro\/wp-json\/wp\/v2\/product_cat?post=91750"},{"taxonomy":"product_tag","embeddable":true,"href":"https:\/\/promis.ro\/ro\/wp-json\/wp\/v2\/product_tag?post=91750"}],"curies":[{"name":"wp","href":"https:\/\/api.w.org\/{rel}","templated":true}]}}