{"id":91751,"date":"2025-11-04T22:52:29","date_gmt":"2025-11-04T22:52:29","guid":{"rendered":"https:\/\/promis.ro\/product\/rowe\/"},"modified":"2025-11-11T15:57:31","modified_gmt":"2025-11-11T15:57:31","slug":"rowe","status":"publish","type":"product","link":"https:\/\/promis.ro\/ro\/produs\/rowe\/","title":{"rendered":"Rowe"},"content":{"rendered":"<p>Cutter cu lam\u0103 lat\u0103 din paie de gr\u00e2u. M\u00e2ner ergonomic cu t\u0103iere prin matri\u021b\u0103 \u0219i capac deta\u0219abil pentru t\u0103ierea lamei \u0219i mecanism de blocare pentru siguran\u021b\u0103. Cu un logo din paie de gr\u00e2u inclus \u0219i prezentat \u00eentr-o cutie de design kraft. Paiele de gr\u00e2u promoveaz\u0103 utilizarea materiilor prime naturale, reduc\u00e2nd astfel emisiile de poluan\u021bi.<\/p>","protected":false},"excerpt":{"rendered":"<p>Cutter cu lam\u0103 lat\u0103 din paie de gr\u00e2u. M\u00e2ner ergonomic cu t\u0103iere prin matri\u021b\u0103 \u0219i capac deta\u0219abil pentru t\u0103ierea lamei<\/p>","protected":false},"featured_media":131179,"comment_status":"open","ping_status":"closed","template":"","meta":[],"product_brand":[],"product_cat":[197],"product_tag":[],"class_list":{"0":"post-91751","1":"product","2":"type-product","3":"status-publish","4":"has-post-thumbnail","6":"product_cat-articole-durabile","8":"first","9":"instock","10":"shipping-taxable","11":"purchasable","12":"product-type-simple"},"_links":{"self":[{"href":"https:\/\/promis.ro\/ro\/wp-json\/wp\/v2\/product\/91751","targetHints":{"allow":["GET"]}}],"collection":[{"href":"https:\/\/promis.ro\/ro\/wp-json\/wp\/v2\/product"}],"about":[{"href":"https:\/\/promis.ro\/ro\/wp-json\/wp\/v2\/types\/product"}],"replies":[{"embeddable":true,"href":"https:\/\/promis.ro\/ro\/wp-json\/wp\/v2\/comments?post=91751"}],"version-history":[{"count":1,"href":"https:\/\/promis.ro\/ro\/wp-json\/wp\/v2\/product\/91751\/revisions"}],"predecessor-version":[{"id":111222,"href":"https:\/\/promis.ro\/ro\/wp-json\/wp\/v2\/product\/91751\/revisions\/111222"}],"wp:featuredmedia":[{"embeddable":true,"href":"https:\/\/promis.ro\/ro\/wp-json\/wp\/v2\/media\/131179"}],"wp:attachment":[{"href":"https:\/\/promis.ro\/ro\/wp-json\/wp\/v2\/media?parent=91751"}],"wp:term":[{"taxonomy":"product_brand","embeddable":true,"href":"https:\/\/promis.ro\/ro\/wp-json\/wp\/v2\/product_brand?post=91751"},{"taxonomy":"product_cat","embeddable":true,"href":"https:\/\/promis.ro\/ro\/wp-json\/wp\/v2\/product_cat?post=91751"},{"taxonomy":"product_tag","embeddable":true,"href":"https:\/\/promis.ro\/ro\/wp-json\/wp\/v2\/product_tag?post=91751"}],"curies":[{"name":"wp","href":"https:\/\/api.w.org\/{rel}","templated":true}]}}