{"id":91752,"date":"2025-11-04T22:52:30","date_gmt":"2025-11-04T22:52:30","guid":{"rendered":"https:\/\/promis.ro\/product\/40-l-m2\/"},"modified":"2025-11-11T15:57:36","modified_gmt":"2025-11-11T15:57:36","slug":"40-l-m2","status":"publish","type":"product","link":"https:\/\/promis.ro\/ro\/produs\/40-l-m2\/","title":{"rendered":"40 L\/ m2"},"content":{"rendered":"<p>Pluviometru de 40l\/m2 cu carcas\u0103 transparent\u0103 finisat\u0103 \u0219i cu un v\u00e2rf de fixare rezistent.<\/p>","protected":false},"excerpt":{"rendered":"<p>Pluviometru de 40l\/m2 cu carcas\u0103 transparent\u0103 finisat\u0103 \u0219i cu un v\u00e2rf de fixare rezistent.<\/p>","protected":false},"featured_media":131182,"comment_status":"open","ping_status":"closed","template":"","meta":[],"product_brand":[],"product_cat":[185],"product_tag":[],"class_list":{"0":"post-91752","1":"product","2":"type-product","3":"status-publish","4":"has-post-thumbnail","6":"product_cat-agricultura","8":"first","9":"instock","10":"shipping-taxable","11":"purchasable","12":"product-type-simple"},"_links":{"self":[{"href":"https:\/\/promis.ro\/ro\/wp-json\/wp\/v2\/product\/91752","targetHints":{"allow":["GET"]}}],"collection":[{"href":"https:\/\/promis.ro\/ro\/wp-json\/wp\/v2\/product"}],"about":[{"href":"https:\/\/promis.ro\/ro\/wp-json\/wp\/v2\/types\/product"}],"replies":[{"embeddable":true,"href":"https:\/\/promis.ro\/ro\/wp-json\/wp\/v2\/comments?post=91752"}],"version-history":[{"count":1,"href":"https:\/\/promis.ro\/ro\/wp-json\/wp\/v2\/product\/91752\/revisions"}],"predecessor-version":[{"id":111209,"href":"https:\/\/promis.ro\/ro\/wp-json\/wp\/v2\/product\/91752\/revisions\/111209"}],"wp:featuredmedia":[{"embeddable":true,"href":"https:\/\/promis.ro\/ro\/wp-json\/wp\/v2\/media\/131182"}],"wp:attachment":[{"href":"https:\/\/promis.ro\/ro\/wp-json\/wp\/v2\/media?parent=91752"}],"wp:term":[{"taxonomy":"product_brand","embeddable":true,"href":"https:\/\/promis.ro\/ro\/wp-json\/wp\/v2\/product_brand?post=91752"},{"taxonomy":"product_cat","embeddable":true,"href":"https:\/\/promis.ro\/ro\/wp-json\/wp\/v2\/product_cat?post=91752"},{"taxonomy":"product_tag","embeddable":true,"href":"https:\/\/promis.ro\/ro\/wp-json\/wp\/v2\/product_tag?post=91752"}],"curies":[{"name":"wp","href":"https:\/\/api.w.org\/{rel}","templated":true}]}}