{"id":91753,"date":"2025-11-04T22:52:30","date_gmt":"2025-11-04T22:52:30","guid":{"rendered":"https:\/\/promis.ro\/product\/turner-5m\/"},"modified":"2025-11-11T15:57:39","modified_gmt":"2025-11-11T15:57:39","slug":"turner-5m","status":"publish","type":"product","link":"https:\/\/promis.ro\/ro\/produs\/turner-5m\/","title":{"rendered":"Turner 5m"},"content":{"rendered":"<p>5 metri flexometru cu lam\u0103 metalic\u0103 \u0219i mecanism de blocare. Cu carcas\u0103 transparent\u0103 original\u0103, clips metalic pentru curea \u0219i curea de transport, cu zon\u0103 special\u0103 pentru branding. Ambalat individual \u00eentr-o cutie cu design kraft.<\/p>","protected":false},"excerpt":{"rendered":"<p>5 metri flexometru cu lam\u0103 metalic\u0103 \u0219i mecanism de blocare. Cu carcas\u0103 transparent\u0103 original\u0103, clips metalic pentru curea \u0219i curea<\/p>","protected":false},"featured_media":131187,"comment_status":"open","ping_status":"closed","template":"","meta":[],"product_brand":[],"product_cat":[184],"product_tag":[],"class_list":{"0":"post-91753","1":"product","2":"type-product","3":"status-publish","4":"has-post-thumbnail","6":"product_cat-unelte-pentru-bricolaj-si-masini","8":"first","9":"instock","10":"shipping-taxable","11":"purchasable","12":"product-type-simple"},"_links":{"self":[{"href":"https:\/\/promis.ro\/ro\/wp-json\/wp\/v2\/product\/91753","targetHints":{"allow":["GET"]}}],"collection":[{"href":"https:\/\/promis.ro\/ro\/wp-json\/wp\/v2\/product"}],"about":[{"href":"https:\/\/promis.ro\/ro\/wp-json\/wp\/v2\/types\/product"}],"replies":[{"embeddable":true,"href":"https:\/\/promis.ro\/ro\/wp-json\/wp\/v2\/comments?post=91753"}],"version-history":[{"count":1,"href":"https:\/\/promis.ro\/ro\/wp-json\/wp\/v2\/product\/91753\/revisions"}],"predecessor-version":[{"id":111207,"href":"https:\/\/promis.ro\/ro\/wp-json\/wp\/v2\/product\/91753\/revisions\/111207"}],"wp:featuredmedia":[{"embeddable":true,"href":"https:\/\/promis.ro\/ro\/wp-json\/wp\/v2\/media\/131187"}],"wp:attachment":[{"href":"https:\/\/promis.ro\/ro\/wp-json\/wp\/v2\/media?parent=91753"}],"wp:term":[{"taxonomy":"product_brand","embeddable":true,"href":"https:\/\/promis.ro\/ro\/wp-json\/wp\/v2\/product_brand?post=91753"},{"taxonomy":"product_cat","embeddable":true,"href":"https:\/\/promis.ro\/ro\/wp-json\/wp\/v2\/product_cat?post=91753"},{"taxonomy":"product_tag","embeddable":true,"href":"https:\/\/promis.ro\/ro\/wp-json\/wp\/v2\/product_tag?post=91753"}],"curies":[{"name":"wp","href":"https:\/\/api.w.org\/{rel}","templated":true}]}}