{"id":91754,"date":"2025-11-04T22:52:30","date_gmt":"2025-11-04T22:52:30","guid":{"rendered":"https:\/\/promis.ro\/product\/lirson\/"},"modified":"2025-11-11T15:57:44","modified_gmt":"2025-11-11T15:57:44","slug":"lirson","status":"publish","type":"product","link":"https:\/\/promis.ro\/ro\/produs\/lirson\/","title":{"rendered":"Lirson"},"content":{"rendered":"<p>Cutter metalic cu carcas\u0103 din bambus. Cu m\u00e2ner ergonomic t\u0103iat \u0219i clips deta\u0219abil cu slot pentru lame de t\u0103iere. Ambalat individual \u00eentr-un sac din h\u00e2rtie reciclat\u0103. Materialele precum bambusul promoveaz\u0103 utilizarea materiilor prime naturale, reduc\u00e2nd astfel emisiile de poluan\u021bi. Provine dintr-o plant\u0103 foarte rezistent\u0103 \u0219i versatil\u0103, cu cre\u0219tere \u0219i regenerare rapid\u0103, f\u0103c\u00e2ndu-l o alternativ\u0103 excelent\u0103 la utilizarea lemnului tradi\u021bional.<\/p>","protected":false},"excerpt":{"rendered":"<p>Cutter metalic cu carcas\u0103 din bambus. Cu m\u00e2ner ergonomic t\u0103iat \u0219i clips deta\u0219abil cu slot pentru lame de t\u0103iere. Ambalat<\/p>","protected":false},"featured_media":131190,"comment_status":"open","ping_status":"closed","template":"","meta":[],"product_brand":[],"product_cat":[184],"product_tag":[],"class_list":{"0":"post-91754","1":"product","2":"type-product","3":"status-publish","4":"has-post-thumbnail","6":"product_cat-unelte-pentru-bricolaj-si-masini","8":"first","9":"instock","10":"shipping-taxable","11":"purchasable","12":"product-type-simple"},"_links":{"self":[{"href":"https:\/\/promis.ro\/ro\/wp-json\/wp\/v2\/product\/91754","targetHints":{"allow":["GET"]}}],"collection":[{"href":"https:\/\/promis.ro\/ro\/wp-json\/wp\/v2\/product"}],"about":[{"href":"https:\/\/promis.ro\/ro\/wp-json\/wp\/v2\/types\/product"}],"replies":[{"embeddable":true,"href":"https:\/\/promis.ro\/ro\/wp-json\/wp\/v2\/comments?post=91754"}],"version-history":[{"count":1,"href":"https:\/\/promis.ro\/ro\/wp-json\/wp\/v2\/product\/91754\/revisions"}],"predecessor-version":[{"id":111226,"href":"https:\/\/promis.ro\/ro\/wp-json\/wp\/v2\/product\/91754\/revisions\/111226"}],"wp:featuredmedia":[{"embeddable":true,"href":"https:\/\/promis.ro\/ro\/wp-json\/wp\/v2\/media\/131190"}],"wp:attachment":[{"href":"https:\/\/promis.ro\/ro\/wp-json\/wp\/v2\/media?parent=91754"}],"wp:term":[{"taxonomy":"product_brand","embeddable":true,"href":"https:\/\/promis.ro\/ro\/wp-json\/wp\/v2\/product_brand?post=91754"},{"taxonomy":"product_cat","embeddable":true,"href":"https:\/\/promis.ro\/ro\/wp-json\/wp\/v2\/product_cat?post=91754"},{"taxonomy":"product_tag","embeddable":true,"href":"https:\/\/promis.ro\/ro\/wp-json\/wp\/v2\/product_tag?post=91754"}],"curies":[{"name":"wp","href":"https:\/\/api.w.org\/{rel}","templated":true}]}}