{"id":91756,"date":"2025-11-04T22:52:31","date_gmt":"2025-11-04T22:52:31","guid":{"rendered":"https:\/\/promis.ro\/product\/tulix\/"},"modified":"2025-11-11T15:57:53","modified_gmt":"2025-11-11T15:57:53","slug":"tulix","status":"publish","type":"product","link":"https:\/\/promis.ro\/ro\/produs\/tulix\/","title":{"rendered":"Tulix"},"content":{"rendered":"<p>Pix multifunc\u021bional 8 \u00een 1 cu mecanism de r\u0103sucire, fabricat din o\u021bel inoxidabil. Include rigl\u0103 \u00een cm \u0219i inci, nivel, deschiz\u0103tor, 1 LED alimentat de o baterie buton (inclus\u0103), indicator \u0219i bi\u021bi plate \u0219i Philips. Cu clips metalic \u0219i cerneal\u0103 albastr\u0103. Prezentat individual \u00eentr-o cutie de design kraft.<\/p>","protected":false},"excerpt":{"rendered":"<p>Pix multifunc\u021bional 8 \u00een 1 cu mecanism de r\u0103sucire, fabricat din o\u021bel inoxidabil. Include rigl\u0103 \u00een cm \u0219i inci, nivel,<\/p>","protected":false},"featured_media":131200,"comment_status":"open","ping_status":"closed","template":"","meta":[],"product_brand":[],"product_cat":[175],"product_tag":[],"class_list":{"0":"post-91756","1":"product","2":"type-product","3":"status-publish","4":"has-post-thumbnail","6":"product_cat-scris","8":"first","9":"outofstock","10":"shipping-taxable","11":"purchasable","12":"product-type-simple"},"_links":{"self":[{"href":"https:\/\/promis.ro\/ro\/wp-json\/wp\/v2\/product\/91756","targetHints":{"allow":["GET"]}}],"collection":[{"href":"https:\/\/promis.ro\/ro\/wp-json\/wp\/v2\/product"}],"about":[{"href":"https:\/\/promis.ro\/ro\/wp-json\/wp\/v2\/types\/product"}],"replies":[{"embeddable":true,"href":"https:\/\/promis.ro\/ro\/wp-json\/wp\/v2\/comments?post=91756"}],"version-history":[{"count":1,"href":"https:\/\/promis.ro\/ro\/wp-json\/wp\/v2\/product\/91756\/revisions"}],"predecessor-version":[{"id":111246,"href":"https:\/\/promis.ro\/ro\/wp-json\/wp\/v2\/product\/91756\/revisions\/111246"}],"wp:featuredmedia":[{"embeddable":true,"href":"https:\/\/promis.ro\/ro\/wp-json\/wp\/v2\/media\/131200"}],"wp:attachment":[{"href":"https:\/\/promis.ro\/ro\/wp-json\/wp\/v2\/media?parent=91756"}],"wp:term":[{"taxonomy":"product_brand","embeddable":true,"href":"https:\/\/promis.ro\/ro\/wp-json\/wp\/v2\/product_brand?post=91756"},{"taxonomy":"product_cat","embeddable":true,"href":"https:\/\/promis.ro\/ro\/wp-json\/wp\/v2\/product_cat?post=91756"},{"taxonomy":"product_tag","embeddable":true,"href":"https:\/\/promis.ro\/ro\/wp-json\/wp\/v2\/product_tag?post=91756"}],"curies":[{"name":"wp","href":"https:\/\/api.w.org\/{rel}","templated":true}]}}