{"id":91758,"date":"2025-11-04T22:52:32","date_gmt":"2025-11-04T22:52:32","guid":{"rendered":"https:\/\/promis.ro\/product\/avot\/"},"modified":"2025-11-11T15:57:59","modified_gmt":"2025-11-11T15:57:59","slug":"avot","status":"publish","type":"product","link":"https:\/\/promis.ro\/ro\/produs\/avot\/","title":{"rendered":"Avot"},"content":{"rendered":"<p>\u0218apc\u0103 pentru copii cu 5 panouri din bumbac organic. \u00cenchidere ajustabil\u0103 cu velcro de culoare natural\u0103. Etichet\u0103 interioar\u0103 cu logo-ul din bumbac organic.<\/p>","protected":false},"excerpt":{"rendered":"<p>\u0218apc\u0103 pentru copii cu 5 panouri din bumbac organic. \u00cenchidere ajustabil\u0103 cu velcro de culoare natural\u0103. Etichet\u0103 interioar\u0103 cu logo-ul<\/p>","protected":false},"featured_media":131207,"comment_status":"open","ping_status":"closed","template":"","meta":[],"product_brand":[],"product_cat":[182],"product_tag":[],"class_list":{"0":"post-91758","1":"product","2":"type-product","3":"status-publish","4":"has-post-thumbnail","6":"product_cat-copii","8":"first","9":"instock","10":"shipping-taxable","11":"purchasable","12":"product-type-simple"},"_links":{"self":[{"href":"https:\/\/promis.ro\/ro\/wp-json\/wp\/v2\/product\/91758","targetHints":{"allow":["GET"]}}],"collection":[{"href":"https:\/\/promis.ro\/ro\/wp-json\/wp\/v2\/product"}],"about":[{"href":"https:\/\/promis.ro\/ro\/wp-json\/wp\/v2\/types\/product"}],"replies":[{"embeddable":true,"href":"https:\/\/promis.ro\/ro\/wp-json\/wp\/v2\/comments?post=91758"}],"version-history":[{"count":1,"href":"https:\/\/promis.ro\/ro\/wp-json\/wp\/v2\/product\/91758\/revisions"}],"predecessor-version":[{"id":111219,"href":"https:\/\/promis.ro\/ro\/wp-json\/wp\/v2\/product\/91758\/revisions\/111219"}],"wp:featuredmedia":[{"embeddable":true,"href":"https:\/\/promis.ro\/ro\/wp-json\/wp\/v2\/media\/131207"}],"wp:attachment":[{"href":"https:\/\/promis.ro\/ro\/wp-json\/wp\/v2\/media?parent=91758"}],"wp:term":[{"taxonomy":"product_brand","embeddable":true,"href":"https:\/\/promis.ro\/ro\/wp-json\/wp\/v2\/product_brand?post=91758"},{"taxonomy":"product_cat","embeddable":true,"href":"https:\/\/promis.ro\/ro\/wp-json\/wp\/v2\/product_cat?post=91758"},{"taxonomy":"product_tag","embeddable":true,"href":"https:\/\/promis.ro\/ro\/wp-json\/wp\/v2\/product_tag?post=91758"}],"curies":[{"name":"wp","href":"https:\/\/api.w.org\/{rel}","templated":true}]}}