{"id":91759,"date":"2025-11-04T22:52:32","date_gmt":"2025-11-04T22:52:32","guid":{"rendered":"https:\/\/promis.ro\/product\/lemkin\/"},"modified":"2025-11-11T15:58:06","modified_gmt":"2025-11-11T15:58:06","slug":"lemkin","status":"publish","type":"product","link":"https:\/\/promis.ro\/ro\/produs\/lemkin\/","title":{"rendered":"Lemkin"},"content":{"rendered":"<p>\u0218apc\u0103 pentru copii cu 6 panouri din bumbac organic. \u00cenchidere ajustabil\u0103 cu cataram\u0103 metalic\u0103 de culoare bronz. Etichet\u0103 interioar\u0103 cu logo-ul din bumbac organic.<\/p>","protected":false},"excerpt":{"rendered":"<p>\u0218apc\u0103 pentru copii cu 6 panouri din bumbac organic. \u00cenchidere ajustabil\u0103 cu cataram\u0103 metalic\u0103 de culoare bronz. Etichet\u0103 interioar\u0103 cu<\/p>","protected":false},"featured_media":131210,"comment_status":"open","ping_status":"closed","template":"","meta":[],"product_brand":[],"product_cat":[182],"product_tag":[],"class_list":{"0":"post-91759","1":"product","2":"type-product","3":"status-publish","4":"has-post-thumbnail","6":"product_cat-copii","8":"first","9":"instock","10":"shipping-taxable","11":"purchasable","12":"product-type-simple"},"_links":{"self":[{"href":"https:\/\/promis.ro\/ro\/wp-json\/wp\/v2\/product\/91759","targetHints":{"allow":["GET"]}}],"collection":[{"href":"https:\/\/promis.ro\/ro\/wp-json\/wp\/v2\/product"}],"about":[{"href":"https:\/\/promis.ro\/ro\/wp-json\/wp\/v2\/types\/product"}],"replies":[{"embeddable":true,"href":"https:\/\/promis.ro\/ro\/wp-json\/wp\/v2\/comments?post=91759"}],"version-history":[{"count":1,"href":"https:\/\/promis.ro\/ro\/wp-json\/wp\/v2\/product\/91759\/revisions"}],"predecessor-version":[{"id":111227,"href":"https:\/\/promis.ro\/ro\/wp-json\/wp\/v2\/product\/91759\/revisions\/111227"}],"wp:featuredmedia":[{"embeddable":true,"href":"https:\/\/promis.ro\/ro\/wp-json\/wp\/v2\/media\/131210"}],"wp:attachment":[{"href":"https:\/\/promis.ro\/ro\/wp-json\/wp\/v2\/media?parent=91759"}],"wp:term":[{"taxonomy":"product_brand","embeddable":true,"href":"https:\/\/promis.ro\/ro\/wp-json\/wp\/v2\/product_brand?post=91759"},{"taxonomy":"product_cat","embeddable":true,"href":"https:\/\/promis.ro\/ro\/wp-json\/wp\/v2\/product_cat?post=91759"},{"taxonomy":"product_tag","embeddable":true,"href":"https:\/\/promis.ro\/ro\/wp-json\/wp\/v2\/product_tag?post=91759"}],"curies":[{"name":"wp","href":"https:\/\/api.w.org\/{rel}","templated":true}]}}