{"id":91760,"date":"2025-11-04T22:52:33","date_gmt":"2025-11-04T22:52:33","guid":{"rendered":"https:\/\/promis.ro\/product\/eliza-3m\/"},"modified":"2025-11-11T15:58:12","modified_gmt":"2025-11-11T15:58:12","slug":"eliza-3m","status":"publish","type":"product","link":"https:\/\/promis.ro\/ro\/produs\/eliza-3m\/","title":{"rendered":"Eliza 3m"},"content":{"rendered":"<pre>Flexometru multi-tool de 3m, fabricat dintr-o combina\u021bie durabil\u0103 de bambus \u0219i ABS. Cu 7 func\u021bii: band\u0103 de m\u0103surare de 3 metri, \u0219urubelni\u021b\u0103 cu o varietate de bi\u021bi (plat, Philips \u0219i Allen) \u0219i nivel integrat. Proiectat elegant \u00een negru cu detalii din bambus \u0219i prezentat individual \u00eentr-o cutie de design kraft. Materiale precum bambusul promoveaz\u0103 utilizarea materiilor prime naturale, reduc\u00e2nd astfel emisiile de poluan\u021bi. Provine dintr-o plant\u0103 foarte rezistent\u0103 \u0219i versatil\u0103, cu cre\u0219tere \u0219i regenerare rapid\u0103, f\u0103c\u00e2ndu-l o alternativ\u0103 excelent\u0103 la utilizarea lemnului tradi\u021bional.<\/pre>","protected":false},"excerpt":{"rendered":"<p>Flexometru multi-tool de 3m, fabricat dintr-o combina\u021bie durabil\u0103 de bambus \u0219i ABS. Cu 7 func\u021bii: band\u0103 de m\u0103surare de 3<\/p>","protected":false},"featured_media":131215,"comment_status":"open","ping_status":"closed","template":"","meta":[],"product_brand":[],"product_cat":[197],"product_tag":[],"class_list":{"0":"post-91760","1":"product","2":"type-product","3":"status-publish","4":"has-post-thumbnail","6":"product_cat-articole-durabile","8":"first","9":"instock","10":"shipping-taxable","11":"purchasable","12":"product-type-simple"},"_links":{"self":[{"href":"https:\/\/promis.ro\/ro\/wp-json\/wp\/v2\/product\/91760","targetHints":{"allow":["GET"]}}],"collection":[{"href":"https:\/\/promis.ro\/ro\/wp-json\/wp\/v2\/product"}],"about":[{"href":"https:\/\/promis.ro\/ro\/wp-json\/wp\/v2\/types\/product"}],"replies":[{"embeddable":true,"href":"https:\/\/promis.ro\/ro\/wp-json\/wp\/v2\/comments?post=91760"}],"version-history":[{"count":1,"href":"https:\/\/promis.ro\/ro\/wp-json\/wp\/v2\/product\/91760\/revisions"}],"predecessor-version":[{"id":111236,"href":"https:\/\/promis.ro\/ro\/wp-json\/wp\/v2\/product\/91760\/revisions\/111236"}],"wp:featuredmedia":[{"embeddable":true,"href":"https:\/\/promis.ro\/ro\/wp-json\/wp\/v2\/media\/131215"}],"wp:attachment":[{"href":"https:\/\/promis.ro\/ro\/wp-json\/wp\/v2\/media?parent=91760"}],"wp:term":[{"taxonomy":"product_brand","embeddable":true,"href":"https:\/\/promis.ro\/ro\/wp-json\/wp\/v2\/product_brand?post=91760"},{"taxonomy":"product_cat","embeddable":true,"href":"https:\/\/promis.ro\/ro\/wp-json\/wp\/v2\/product_cat?post=91760"},{"taxonomy":"product_tag","embeddable":true,"href":"https:\/\/promis.ro\/ro\/wp-json\/wp\/v2\/product_tag?post=91760"}],"curies":[{"name":"wp","href":"https:\/\/api.w.org\/{rel}","templated":true}]}}