{"id":91762,"date":"2025-11-04T22:52:34","date_gmt":"2025-11-04T22:52:34","guid":{"rendered":"https:\/\/promis.ro\/product\/oxia\/"},"modified":"2025-11-11T15:58:22","modified_gmt":"2025-11-11T15:58:22","slug":"oxia","status":"publish","type":"product","link":"https:\/\/promis.ro\/ro\/produs\/oxia\/","title":{"rendered":"Oxia"},"content":{"rendered":"<p>Borcan din sticl\u0103 cu finisaj mat. Cu o capacitate de 500 ml \u0219i o m\u00e2n\u0103 convenabil\u0103. Proiectat special pentru sublimare. Sigur pentru cuptorul cu microunde \u0219i prezentat \u00eentr-o cutie individual\u0103 din kraft.<\/p>","protected":false},"excerpt":{"rendered":"<p>Borcan din sticl\u0103 cu finisaj mat. Cu o capacitate de 500 ml \u0219i o m\u00e2n\u0103 convenabil\u0103. Proiectat special pentru sublimare.<\/p>","protected":false},"featured_media":131224,"comment_status":"open","ping_status":"closed","template":"","meta":[],"product_brand":[],"product_cat":[172],"product_tag":[],"class_list":{"0":"post-91762","1":"product","2":"type-product","3":"status-publish","4":"has-post-thumbnail","6":"product_cat-cani-borcane-si-thermosuri","8":"first","9":"instock","10":"shipping-taxable","11":"purchasable","12":"product-type-simple"},"_links":{"self":[{"href":"https:\/\/promis.ro\/ro\/wp-json\/wp\/v2\/product\/91762","targetHints":{"allow":["GET"]}}],"collection":[{"href":"https:\/\/promis.ro\/ro\/wp-json\/wp\/v2\/product"}],"about":[{"href":"https:\/\/promis.ro\/ro\/wp-json\/wp\/v2\/types\/product"}],"replies":[{"embeddable":true,"href":"https:\/\/promis.ro\/ro\/wp-json\/wp\/v2\/comments?post=91762"}],"version-history":[{"count":1,"href":"https:\/\/promis.ro\/ro\/wp-json\/wp\/v2\/product\/91762\/revisions"}],"predecessor-version":[{"id":111223,"href":"https:\/\/promis.ro\/ro\/wp-json\/wp\/v2\/product\/91762\/revisions\/111223"}],"wp:featuredmedia":[{"embeddable":true,"href":"https:\/\/promis.ro\/ro\/wp-json\/wp\/v2\/media\/131224"}],"wp:attachment":[{"href":"https:\/\/promis.ro\/ro\/wp-json\/wp\/v2\/media?parent=91762"}],"wp:term":[{"taxonomy":"product_brand","embeddable":true,"href":"https:\/\/promis.ro\/ro\/wp-json\/wp\/v2\/product_brand?post=91762"},{"taxonomy":"product_cat","embeddable":true,"href":"https:\/\/promis.ro\/ro\/wp-json\/wp\/v2\/product_cat?post=91762"},{"taxonomy":"product_tag","embeddable":true,"href":"https:\/\/promis.ro\/ro\/wp-json\/wp\/v2\/product_tag?post=91762"}],"curies":[{"name":"wp","href":"https:\/\/api.w.org\/{rel}","templated":true}]}}