{"id":91764,"date":"2025-11-04T22:52:34","date_gmt":"2025-11-04T22:52:34","guid":{"rendered":"https:\/\/promis.ro\/product\/osaka\/"},"modified":"2025-11-11T16:01:13","modified_gmt":"2025-11-11T16:01:13","slug":"osaka","status":"publish","type":"product","link":"https:\/\/promis.ro\/ro\/produs\/osaka\/","title":{"rendered":"Osaka"},"content":{"rendered":"<p>Can\u0103 din sticl\u0103 borosilicat\u0103 cu finisaj mat, cu o capacitate de 350 ml. Proiectat\u0103 special pentru sublimare. Disponibil\u0103 \u00eentr-o varietate de culori striking \u0219i translucide. Prezentat\u0103 \u00eentr-o cutie individual\u0103 din kraft.<\/p>","protected":false},"excerpt":{"rendered":"<p>Can\u0103 din sticl\u0103 borosilicat\u0103 cu finisaj mat, cu o capacitate de 350 ml. Proiectat\u0103 special pentru sublimare. Disponibil\u0103 \u00eentr-o varietate<\/p>","protected":false},"featured_media":131232,"comment_status":"open","ping_status":"closed","template":"","meta":[],"product_brand":[],"product_cat":[190],"product_tag":[],"class_list":{"0":"post-91764","1":"product","2":"type-product","3":"status-publish","4":"has-post-thumbnail","6":"product_cat-linia-de-sublimare","8":"first","9":"instock","10":"shipping-taxable","11":"purchasable","12":"product-type-variable"},"_links":{"self":[{"href":"https:\/\/promis.ro\/ro\/wp-json\/wp\/v2\/product\/91764","targetHints":{"allow":["GET"]}}],"collection":[{"href":"https:\/\/promis.ro\/ro\/wp-json\/wp\/v2\/product"}],"about":[{"href":"https:\/\/promis.ro\/ro\/wp-json\/wp\/v2\/types\/product"}],"replies":[{"embeddable":true,"href":"https:\/\/promis.ro\/ro\/wp-json\/wp\/v2\/comments?post=91764"}],"version-history":[{"count":1,"href":"https:\/\/promis.ro\/ro\/wp-json\/wp\/v2\/product\/91764\/revisions"}],"predecessor-version":[{"id":111231,"href":"https:\/\/promis.ro\/ro\/wp-json\/wp\/v2\/product\/91764\/revisions\/111231"}],"wp:featuredmedia":[{"embeddable":true,"href":"https:\/\/promis.ro\/ro\/wp-json\/wp\/v2\/media\/131232"}],"wp:attachment":[{"href":"https:\/\/promis.ro\/ro\/wp-json\/wp\/v2\/media?parent=91764"}],"wp:term":[{"taxonomy":"product_brand","embeddable":true,"href":"https:\/\/promis.ro\/ro\/wp-json\/wp\/v2\/product_brand?post=91764"},{"taxonomy":"product_cat","embeddable":true,"href":"https:\/\/promis.ro\/ro\/wp-json\/wp\/v2\/product_cat?post=91764"},{"taxonomy":"product_tag","embeddable":true,"href":"https:\/\/promis.ro\/ro\/wp-json\/wp\/v2\/product_tag?post=91764"}],"curies":[{"name":"wp","href":"https:\/\/api.w.org\/{rel}","templated":true}]}}