{"id":91766,"date":"2025-11-04T22:52:35","date_gmt":"2025-11-04T22:52:35","guid":{"rendered":"https:\/\/promis.ro\/product\/fonix\/"},"modified":"2025-11-11T15:58:37","modified_gmt":"2025-11-11T15:58:37","slug":"fonix","status":"publish","type":"product","link":"https:\/\/promis.ro\/ro\/produs\/fonix\/","title":{"rendered":"Fonix"},"content":{"rendered":"<p>Sticl\u0103 de sublimare cu corp realizat din sticl\u0103 mat\u0103 rezistent\u0103, cu capacitate de 400 ml. Capac din bambus cu deschidere pentru pai (pai inclus, realizat din o\u021bel inoxidabil). Proiectat\u0103 special pentru imprimarea prin sublimare. Prezentat\u0103 \u00eentr-o cutie individual\u0103 din kraft.<\/p>","protected":false},"excerpt":{"rendered":"<p>Sticl\u0103 de sublimare cu corp realizat din sticl\u0103 mat\u0103 rezistent\u0103, cu capacitate de 400 ml. Capac din bambus cu deschidere<\/p>","protected":false},"featured_media":131239,"comment_status":"open","ping_status":"closed","template":"","meta":[],"product_brand":[],"product_cat":[172],"product_tag":[],"class_list":{"0":"post-91766","1":"product","2":"type-product","3":"status-publish","4":"has-post-thumbnail","6":"product_cat-cani-borcane-si-thermosuri","8":"first","9":"instock","10":"shipping-taxable","11":"purchasable","12":"product-type-simple"},"_links":{"self":[{"href":"https:\/\/promis.ro\/ro\/wp-json\/wp\/v2\/product\/91766","targetHints":{"allow":["GET"]}}],"collection":[{"href":"https:\/\/promis.ro\/ro\/wp-json\/wp\/v2\/product"}],"about":[{"href":"https:\/\/promis.ro\/ro\/wp-json\/wp\/v2\/types\/product"}],"replies":[{"embeddable":true,"href":"https:\/\/promis.ro\/ro\/wp-json\/wp\/v2\/comments?post=91766"}],"version-history":[{"count":1,"href":"https:\/\/promis.ro\/ro\/wp-json\/wp\/v2\/product\/91766\/revisions"}],"predecessor-version":[{"id":111232,"href":"https:\/\/promis.ro\/ro\/wp-json\/wp\/v2\/product\/91766\/revisions\/111232"}],"wp:featuredmedia":[{"embeddable":true,"href":"https:\/\/promis.ro\/ro\/wp-json\/wp\/v2\/media\/131239"}],"wp:attachment":[{"href":"https:\/\/promis.ro\/ro\/wp-json\/wp\/v2\/media?parent=91766"}],"wp:term":[{"taxonomy":"product_brand","embeddable":true,"href":"https:\/\/promis.ro\/ro\/wp-json\/wp\/v2\/product_brand?post=91766"},{"taxonomy":"product_cat","embeddable":true,"href":"https:\/\/promis.ro\/ro\/wp-json\/wp\/v2\/product_cat?post=91766"},{"taxonomy":"product_tag","embeddable":true,"href":"https:\/\/promis.ro\/ro\/wp-json\/wp\/v2\/product_tag?post=91766"}],"curies":[{"name":"wp","href":"https:\/\/api.w.org\/{rel}","templated":true}]}}