{"id":91767,"date":"2025-11-04T22:52:39","date_gmt":"2025-11-04T22:52:39","guid":{"rendered":"https:\/\/promis.ro\/product\/vantex\/"},"modified":"2025-11-11T16:01:04","modified_gmt":"2025-11-11T16:01:04","slug":"vantex","status":"publish","type":"product","link":"https:\/\/promis.ro\/ro\/produs\/vantex\/","title":{"rendered":"Vantex"},"content":{"rendered":"<p>Sticl\u0103 de sticl\u0103 pentru sublimare cu capacitate de 500 ml. Cu capac din bambus \u0219i f\u0103r\u0103 BPA. Proiectat\u0103 special pentru imprimarea prin sublimare. Disponibil\u0103 \u00eentr-o gam\u0103 larg\u0103 de culori mate. Prezentat\u0103 \u00eentr-o cutie de design kraft individual\u0103. Materiale precum bambusul promoveaz\u0103 utilizarea materiilor prime naturale, reduc\u00e2nd astfel emisiile de poluan\u021bi. Provine dintr-o plant\u0103 foarte rezistent\u0103 \u0219i versatil\u0103, cu cre\u0219tere rapid\u0103 \u0219i regenerare, f\u0103c\u00e2ndu-l o alternativ\u0103 excelent\u0103 la utilizarea lemnului tradi\u021bional.<\/p>","protected":false},"excerpt":{"rendered":"<p>Sticl\u0103 de sticl\u0103 pentru sublimare cu capacitate de 500 ml. Cu capac din bambus \u0219i f\u0103r\u0103 BPA. Proiectat\u0103 special pentru<\/p>","protected":false},"featured_media":131242,"comment_status":"open","ping_status":"closed","template":"","meta":[],"product_brand":[],"product_cat":[197],"product_tag":[],"class_list":{"0":"post-91767","1":"product","2":"type-product","3":"status-publish","4":"has-post-thumbnail","6":"product_cat-articole-durabile","8":"first","9":"instock","10":"shipping-taxable","11":"purchasable","12":"product-type-variable"},"_links":{"self":[{"href":"https:\/\/promis.ro\/ro\/wp-json\/wp\/v2\/product\/91767","targetHints":{"allow":["GET"]}}],"collection":[{"href":"https:\/\/promis.ro\/ro\/wp-json\/wp\/v2\/product"}],"about":[{"href":"https:\/\/promis.ro\/ro\/wp-json\/wp\/v2\/types\/product"}],"replies":[{"embeddable":true,"href":"https:\/\/promis.ro\/ro\/wp-json\/wp\/v2\/comments?post=91767"}],"version-history":[{"count":1,"href":"https:\/\/promis.ro\/ro\/wp-json\/wp\/v2\/product\/91767\/revisions"}],"predecessor-version":[{"id":111237,"href":"https:\/\/promis.ro\/ro\/wp-json\/wp\/v2\/product\/91767\/revisions\/111237"}],"wp:featuredmedia":[{"embeddable":true,"href":"https:\/\/promis.ro\/ro\/wp-json\/wp\/v2\/media\/131242"}],"wp:attachment":[{"href":"https:\/\/promis.ro\/ro\/wp-json\/wp\/v2\/media?parent=91767"}],"wp:term":[{"taxonomy":"product_brand","embeddable":true,"href":"https:\/\/promis.ro\/ro\/wp-json\/wp\/v2\/product_brand?post=91767"},{"taxonomy":"product_cat","embeddable":true,"href":"https:\/\/promis.ro\/ro\/wp-json\/wp\/v2\/product_cat?post=91767"},{"taxonomy":"product_tag","embeddable":true,"href":"https:\/\/promis.ro\/ro\/wp-json\/wp\/v2\/product_tag?post=91767"}],"curies":[{"name":"wp","href":"https:\/\/api.w.org\/{rel}","templated":true}]}}