{"id":91768,"date":"2025-11-04T22:52:40","date_gmt":"2025-11-04T22:52:40","guid":{"rendered":"https:\/\/promis.ro\/product\/cervan\/"},"modified":"2025-11-11T16:01:05","modified_gmt":"2025-11-11T16:01:05","slug":"cervan","status":"publish","type":"product","link":"https:\/\/promis.ro\/ro\/produs\/cervan\/","title":{"rendered":"Cervan"},"content":{"rendered":"<p>Cana din sticl\u0103 cu o capacitate de 350 ml. Proiectat\u0103 special pentru imprimarea prin sublimare \u0219i disponibil\u0103 \u00een diferite culori mate. Prezentat\u0103 \u00eentr-o cutie individual\u0103 din kraft.<\/p>","protected":false},"excerpt":{"rendered":"<p>Cana din sticl\u0103 cu o capacitate de 350 ml. Proiectat\u0103 special pentru imprimarea prin sublimare \u0219i disponibil\u0103 \u00een diferite culori<\/p>","protected":false},"featured_media":131244,"comment_status":"open","ping_status":"closed","template":"","meta":[],"product_brand":[],"product_cat":[190],"product_tag":[],"class_list":{"0":"post-91768","1":"product","2":"type-product","3":"status-publish","4":"has-post-thumbnail","6":"product_cat-linia-de-sublimare","8":"first","9":"instock","10":"shipping-taxable","11":"purchasable","12":"product-type-variable"},"_links":{"self":[{"href":"https:\/\/promis.ro\/ro\/wp-json\/wp\/v2\/product\/91768","targetHints":{"allow":["GET"]}}],"collection":[{"href":"https:\/\/promis.ro\/ro\/wp-json\/wp\/v2\/product"}],"about":[{"href":"https:\/\/promis.ro\/ro\/wp-json\/wp\/v2\/types\/product"}],"replies":[{"embeddable":true,"href":"https:\/\/promis.ro\/ro\/wp-json\/wp\/v2\/comments?post=91768"}],"version-history":[{"count":1,"href":"https:\/\/promis.ro\/ro\/wp-json\/wp\/v2\/product\/91768\/revisions"}],"predecessor-version":[{"id":111225,"href":"https:\/\/promis.ro\/ro\/wp-json\/wp\/v2\/product\/91768\/revisions\/111225"}],"wp:featuredmedia":[{"embeddable":true,"href":"https:\/\/promis.ro\/ro\/wp-json\/wp\/v2\/media\/131244"}],"wp:attachment":[{"href":"https:\/\/promis.ro\/ro\/wp-json\/wp\/v2\/media?parent=91768"}],"wp:term":[{"taxonomy":"product_brand","embeddable":true,"href":"https:\/\/promis.ro\/ro\/wp-json\/wp\/v2\/product_brand?post=91768"},{"taxonomy":"product_cat","embeddable":true,"href":"https:\/\/promis.ro\/ro\/wp-json\/wp\/v2\/product_cat?post=91768"},{"taxonomy":"product_tag","embeddable":true,"href":"https:\/\/promis.ro\/ro\/wp-json\/wp\/v2\/product_tag?post=91768"}],"curies":[{"name":"wp","href":"https:\/\/api.w.org\/{rel}","templated":true}]}}