{"id":91769,"date":"2025-11-04T22:52:40","date_gmt":"2025-11-04T22:52:40","guid":{"rendered":"https:\/\/promis.ro\/product\/maiba\/"},"modified":"2025-11-11T16:01:12","modified_gmt":"2025-11-11T16:01:12","slug":"maiba","status":"publish","type":"product","link":"https:\/\/promis.ro\/ro\/produs\/maiba\/","title":{"rendered":"Maiba"},"content":{"rendered":"<p>Can\u0103 ceramic\u0103 cu o capacitate de 300 ml. Design distins cu m\u00e2ner p\u0103trat \u0219i \u00een mai multe culori mate. Prezentat\u0103 \u00een cutie individual\u0103 cu finisaj kraft.<\/p>","protected":false},"excerpt":{"rendered":"<p>Can\u0103 ceramic\u0103 cu o capacitate de 300 ml. Design distins cu m\u00e2ner p\u0103trat \u0219i \u00een mai multe culori mate. Prezentat\u0103<\/p>","protected":false},"featured_media":131246,"comment_status":"open","ping_status":"closed","template":"","meta":[],"product_brand":[],"product_cat":[172],"product_tag":[],"class_list":{"0":"post-91769","1":"product","2":"type-product","3":"status-publish","4":"has-post-thumbnail","6":"product_cat-cani-borcane-si-thermosuri","8":"first","9":"instock","10":"shipping-taxable","11":"purchasable","12":"product-type-variable"},"_links":{"self":[{"href":"https:\/\/promis.ro\/ro\/wp-json\/wp\/v2\/product\/91769","targetHints":{"allow":["GET"]}}],"collection":[{"href":"https:\/\/promis.ro\/ro\/wp-json\/wp\/v2\/product"}],"about":[{"href":"https:\/\/promis.ro\/ro\/wp-json\/wp\/v2\/types\/product"}],"replies":[{"embeddable":true,"href":"https:\/\/promis.ro\/ro\/wp-json\/wp\/v2\/comments?post=91769"}],"version-history":[{"count":1,"href":"https:\/\/promis.ro\/ro\/wp-json\/wp\/v2\/product\/91769\/revisions"}],"predecessor-version":[{"id":111228,"href":"https:\/\/promis.ro\/ro\/wp-json\/wp\/v2\/product\/91769\/revisions\/111228"}],"wp:featuredmedia":[{"embeddable":true,"href":"https:\/\/promis.ro\/ro\/wp-json\/wp\/v2\/media\/131246"}],"wp:attachment":[{"href":"https:\/\/promis.ro\/ro\/wp-json\/wp\/v2\/media?parent=91769"}],"wp:term":[{"taxonomy":"product_brand","embeddable":true,"href":"https:\/\/promis.ro\/ro\/wp-json\/wp\/v2\/product_brand?post=91769"},{"taxonomy":"product_cat","embeddable":true,"href":"https:\/\/promis.ro\/ro\/wp-json\/wp\/v2\/product_cat?post=91769"},{"taxonomy":"product_tag","embeddable":true,"href":"https:\/\/promis.ro\/ro\/wp-json\/wp\/v2\/product_tag?post=91769"}],"curies":[{"name":"wp","href":"https:\/\/api.w.org\/{rel}","templated":true}]}}