{"id":91770,"date":"2025-11-04T22:52:41","date_gmt":"2025-11-04T22:52:41","guid":{"rendered":"https:\/\/promis.ro\/product\/kubaya\/"},"modified":"2025-11-11T16:01:08","modified_gmt":"2025-11-11T16:01:08","slug":"kubaya","status":"publish","type":"product","link":"https:\/\/promis.ro\/ro\/produs\/kubaya\/","title":{"rendered":"Kubaya"},"content":{"rendered":"<p>Can\u0103 ceramic\u0103 cu o capacitate de 420 ml. Design distins cu m\u00e2ner p\u0103trat, \u00een combina\u021bie cu interior \u0219i exterior alb, disponibil \u00eentr-o gam\u0103 larg\u0103 de culori mate. Prezentat\u0103 \u00eentr-o cutie individual\u0103 cu finisaj kraft.<\/p>","protected":false},"excerpt":{"rendered":"<p>Can\u0103 ceramic\u0103 cu o capacitate de 420 ml. Design distins cu m\u00e2ner p\u0103trat, \u00een combina\u021bie cu interior \u0219i exterior alb,<\/p>","protected":false},"featured_media":131249,"comment_status":"open","ping_status":"closed","template":"","meta":[],"product_brand":[],"product_cat":[172],"product_tag":[],"class_list":{"0":"post-91770","1":"product","2":"type-product","3":"status-publish","4":"has-post-thumbnail","6":"product_cat-cani-borcane-si-thermosuri","8":"first","9":"instock","10":"shipping-taxable","11":"purchasable","12":"product-type-variable"},"_links":{"self":[{"href":"https:\/\/promis.ro\/ro\/wp-json\/wp\/v2\/product\/91770","targetHints":{"allow":["GET"]}}],"collection":[{"href":"https:\/\/promis.ro\/ro\/wp-json\/wp\/v2\/product"}],"about":[{"href":"https:\/\/promis.ro\/ro\/wp-json\/wp\/v2\/types\/product"}],"replies":[{"embeddable":true,"href":"https:\/\/promis.ro\/ro\/wp-json\/wp\/v2\/comments?post=91770"}],"version-history":[{"count":1,"href":"https:\/\/promis.ro\/ro\/wp-json\/wp\/v2\/product\/91770\/revisions"}],"predecessor-version":[{"id":111233,"href":"https:\/\/promis.ro\/ro\/wp-json\/wp\/v2\/product\/91770\/revisions\/111233"}],"wp:featuredmedia":[{"embeddable":true,"href":"https:\/\/promis.ro\/ro\/wp-json\/wp\/v2\/media\/131249"}],"wp:attachment":[{"href":"https:\/\/promis.ro\/ro\/wp-json\/wp\/v2\/media?parent=91770"}],"wp:term":[{"taxonomy":"product_brand","embeddable":true,"href":"https:\/\/promis.ro\/ro\/wp-json\/wp\/v2\/product_brand?post=91770"},{"taxonomy":"product_cat","embeddable":true,"href":"https:\/\/promis.ro\/ro\/wp-json\/wp\/v2\/product_cat?post=91770"},{"taxonomy":"product_tag","embeddable":true,"href":"https:\/\/promis.ro\/ro\/wp-json\/wp\/v2\/product_tag?post=91770"}],"curies":[{"name":"wp","href":"https:\/\/api.w.org\/{rel}","templated":true}]}}