{"id":91772,"date":"2025-11-04T22:52:42","date_gmt":"2025-11-04T22:52:42","guid":{"rendered":"https:\/\/promis.ro\/product\/melmak\/"},"modified":"2025-11-11T16:01:13","modified_gmt":"2025-11-11T16:01:13","slug":"melmak","status":"publish","type":"product","link":"https:\/\/promis.ro\/ro\/produs\/melmak\/","title":{"rendered":"Melmak"},"content":{"rendered":"<p>Cana ceramic\u0103 cu o capacitate de 350 ml. Design distins \u00eentr-o combina\u021bie de ceramic\u0103 \u0219i plut\u0103, disponibil\u0103 \u00eentr-o gam\u0103 larg\u0103 de culori mate. Prezentat\u0103 \u00eentr-o cutie individual\u0103 cu finisaj kraft. Fabricat\u0103 din elemente pe baz\u0103 de plante pentru a promova utilizarea materiilor prime naturale \u0219i a reduce emisiile poluante.<\/p>","protected":false},"excerpt":{"rendered":"<p>Cana ceramic\u0103 cu o capacitate de 350 ml. Design distins \u00eentr-o combina\u021bie de ceramic\u0103 \u0219i plut\u0103, disponibil\u0103 \u00eentr-o gam\u0103 larg\u0103<\/p>","protected":false},"featured_media":131255,"comment_status":"open","ping_status":"closed","template":"","meta":[],"product_brand":[],"product_cat":[197],"product_tag":[],"class_list":{"0":"post-91772","1":"product","2":"type-product","3":"status-publish","4":"has-post-thumbnail","6":"product_cat-articole-durabile","8":"first","9":"instock","10":"shipping-taxable","11":"purchasable","12":"product-type-variable"},"_links":{"self":[{"href":"https:\/\/promis.ro\/ro\/wp-json\/wp\/v2\/product\/91772","targetHints":{"allow":["GET"]}}],"collection":[{"href":"https:\/\/promis.ro\/ro\/wp-json\/wp\/v2\/product"}],"about":[{"href":"https:\/\/promis.ro\/ro\/wp-json\/wp\/v2\/types\/product"}],"replies":[{"embeddable":true,"href":"https:\/\/promis.ro\/ro\/wp-json\/wp\/v2\/comments?post=91772"}],"version-history":[{"count":1,"href":"https:\/\/promis.ro\/ro\/wp-json\/wp\/v2\/product\/91772\/revisions"}],"predecessor-version":[{"id":111234,"href":"https:\/\/promis.ro\/ro\/wp-json\/wp\/v2\/product\/91772\/revisions\/111234"}],"wp:featuredmedia":[{"embeddable":true,"href":"https:\/\/promis.ro\/ro\/wp-json\/wp\/v2\/media\/131255"}],"wp:attachment":[{"href":"https:\/\/promis.ro\/ro\/wp-json\/wp\/v2\/media?parent=91772"}],"wp:term":[{"taxonomy":"product_brand","embeddable":true,"href":"https:\/\/promis.ro\/ro\/wp-json\/wp\/v2\/product_brand?post=91772"},{"taxonomy":"product_cat","embeddable":true,"href":"https:\/\/promis.ro\/ro\/wp-json\/wp\/v2\/product_cat?post=91772"},{"taxonomy":"product_tag","embeddable":true,"href":"https:\/\/promis.ro\/ro\/wp-json\/wp\/v2\/product_tag?post=91772"}],"curies":[{"name":"wp","href":"https:\/\/api.w.org\/{rel}","templated":true}]}}