{"id":91773,"date":"2025-11-04T22:52:42","date_gmt":"2025-11-04T22:52:42","guid":{"rendered":"https:\/\/promis.ro\/product\/zenara\/"},"modified":"2025-11-11T16:01:13","modified_gmt":"2025-11-11T16:01:13","slug":"zenara","status":"publish","type":"product","link":"https:\/\/promis.ro\/ro\/produs\/zenara\/","title":{"rendered":"Zenara"},"content":{"rendered":"<p>Can\u0103 ceramic\u0103 cu o capacitate de 350 ml. Design distins care combin\u0103 ceramica \u0219i un capac din bambus cu o func\u021bie dubl\u0103: capac \u0219i suport. Disponibil\u0103 \u00eentr-o combina\u021bie elegant\u0103 de culori alb \u0219i negru. Prezentat\u0103 \u00eentr-o cutie individual\u0103 cu finisaj kraft. Materiale precum bambusul promoveaz\u0103 utilizarea materiilor prime naturale, reduc\u00e2nd astfel emisiile de poluan\u021bi. Provine dintr-o plant\u0103 foarte rezistent\u0103 \u0219i versatil\u0103, cu cre\u0219tere rapid\u0103 \u0219i regenerare, f\u0103c\u00e2ndu-l o alternativ\u0103 excelent\u0103 la utilizarea lemnului tradi\u021bional.<\/p>","protected":false},"excerpt":{"rendered":"<p>Can\u0103 ceramic\u0103 cu o capacitate de 350 ml. Design distins care combin\u0103 ceramica \u0219i un capac din bambus cu o<\/p>","protected":false},"featured_media":131258,"comment_status":"open","ping_status":"closed","template":"","meta":[],"product_brand":[],"product_cat":[172],"product_tag":[],"class_list":{"0":"post-91773","1":"product","2":"type-product","3":"status-publish","4":"has-post-thumbnail","6":"product_cat-cani-borcane-si-thermosuri","8":"first","9":"instock","10":"shipping-taxable","11":"purchasable","12":"product-type-variable"},"_links":{"self":[{"href":"https:\/\/promis.ro\/ro\/wp-json\/wp\/v2\/product\/91773","targetHints":{"allow":["GET"]}}],"collection":[{"href":"https:\/\/promis.ro\/ro\/wp-json\/wp\/v2\/product"}],"about":[{"href":"https:\/\/promis.ro\/ro\/wp-json\/wp\/v2\/types\/product"}],"replies":[{"embeddable":true,"href":"https:\/\/promis.ro\/ro\/wp-json\/wp\/v2\/comments?post=91773"}],"version-history":[{"count":1,"href":"https:\/\/promis.ro\/ro\/wp-json\/wp\/v2\/product\/91773\/revisions"}],"predecessor-version":[{"id":111245,"href":"https:\/\/promis.ro\/ro\/wp-json\/wp\/v2\/product\/91773\/revisions\/111245"}],"wp:featuredmedia":[{"embeddable":true,"href":"https:\/\/promis.ro\/ro\/wp-json\/wp\/v2\/media\/131258"}],"wp:attachment":[{"href":"https:\/\/promis.ro\/ro\/wp-json\/wp\/v2\/media?parent=91773"}],"wp:term":[{"taxonomy":"product_brand","embeddable":true,"href":"https:\/\/promis.ro\/ro\/wp-json\/wp\/v2\/product_brand?post=91773"},{"taxonomy":"product_cat","embeddable":true,"href":"https:\/\/promis.ro\/ro\/wp-json\/wp\/v2\/product_cat?post=91773"},{"taxonomy":"product_tag","embeddable":true,"href":"https:\/\/promis.ro\/ro\/wp-json\/wp\/v2\/product_tag?post=91773"}],"curies":[{"name":"wp","href":"https:\/\/api.w.org\/{rel}","templated":true}]}}