{"id":91774,"date":"2025-11-04T22:52:43","date_gmt":"2025-11-04T22:52:43","guid":{"rendered":"https:\/\/promis.ro\/product\/nala\/"},"modified":"2025-11-11T15:59:19","modified_gmt":"2025-11-11T15:59:19","slug":"nala","status":"publish","type":"product","link":"https:\/\/promis.ro\/ro\/produs\/nala\/","title":{"rendered":"Nala"},"content":{"rendered":"<p>Can\u0103 de sublimare cu capacitate de 350 ml. Design distins \u00eentr-o combina\u021bie de ceramic\u0103 \u0219i plut\u0103, special conceput\u0103 pentru imprimarea prin sublimare. Prezentat\u0103 \u00eentr-o cutie individual\u0103 cu finisaj kraft. Fabricat\u0103 din elemente pe baz\u0103 de plante pentru a promova utilizarea materiilor prime naturale \u0219i a reduce emisiile poluante.<\/p>","protected":false},"excerpt":{"rendered":"<p>Can\u0103 de sublimare cu capacitate de 350 ml. Design distins \u00eentr-o combina\u021bie de ceramic\u0103 \u0219i plut\u0103, special conceput\u0103 pentru imprimarea<\/p>","protected":false},"featured_media":131263,"comment_status":"open","ping_status":"closed","template":"","meta":[],"product_brand":[],"product_cat":[190],"product_tag":[],"class_list":{"0":"post-91774","1":"product","2":"type-product","3":"status-publish","4":"has-post-thumbnail","6":"product_cat-linia-de-sublimare","8":"first","9":"instock","10":"shipping-taxable","11":"purchasable","12":"product-type-simple"},"_links":{"self":[{"href":"https:\/\/promis.ro\/ro\/wp-json\/wp\/v2\/product\/91774","targetHints":{"allow":["GET"]}}],"collection":[{"href":"https:\/\/promis.ro\/ro\/wp-json\/wp\/v2\/product"}],"about":[{"href":"https:\/\/promis.ro\/ro\/wp-json\/wp\/v2\/types\/product"}],"replies":[{"embeddable":true,"href":"https:\/\/promis.ro\/ro\/wp-json\/wp\/v2\/comments?post=91774"}],"version-history":[{"count":1,"href":"https:\/\/promis.ro\/ro\/wp-json\/wp\/v2\/product\/91774\/revisions"}],"predecessor-version":[{"id":111235,"href":"https:\/\/promis.ro\/ro\/wp-json\/wp\/v2\/product\/91774\/revisions\/111235"}],"wp:featuredmedia":[{"embeddable":true,"href":"https:\/\/promis.ro\/ro\/wp-json\/wp\/v2\/media\/131263"}],"wp:attachment":[{"href":"https:\/\/promis.ro\/ro\/wp-json\/wp\/v2\/media?parent=91774"}],"wp:term":[{"taxonomy":"product_brand","embeddable":true,"href":"https:\/\/promis.ro\/ro\/wp-json\/wp\/v2\/product_brand?post=91774"},{"taxonomy":"product_cat","embeddable":true,"href":"https:\/\/promis.ro\/ro\/wp-json\/wp\/v2\/product_cat?post=91774"},{"taxonomy":"product_tag","embeddable":true,"href":"https:\/\/promis.ro\/ro\/wp-json\/wp\/v2\/product_tag?post=91774"}],"curies":[{"name":"wp","href":"https:\/\/api.w.org\/{rel}","templated":true}]}}