{"id":91775,"date":"2025-11-04T22:52:43","date_gmt":"2025-11-04T22:52:43","guid":{"rendered":"https:\/\/promis.ro\/product\/mystral\/"},"modified":"2025-11-11T15:59:23","modified_gmt":"2025-11-11T15:59:23","slug":"mystral","status":"publish","type":"product","link":"https:\/\/promis.ro\/ro\/produs\/mystral\/","title":{"rendered":"Mystral"},"content":{"rendered":"<p>Cana ceramic\u0103 cu capacitate de 480 ml, \u00eentr-o culoare alb\u0103 elegant\u0103. Design distins \u00een combina\u021bie ceramic\u0103 cu un m\u00e2ner din bambus. Prezentat\u0103 \u00eentr-o cutie individual\u0103 cu finisaj kraft. Materialele precum bambusul promoveaz\u0103 utilizarea materiilor prime naturale, reduc\u00e2nd astfel emisiile de poluan\u021bi. Provine dintr-o plant\u0103 foarte rezistent\u0103 \u0219i versatil\u0103, cu cre\u0219tere rapid\u0103 \u0219i regenerare, f\u0103c\u00e2ndu-l o alternativ\u0103 excelent\u0103 la utilizarea lemnului tradi\u021bional.<\/p>","protected":false},"excerpt":{"rendered":"<p>Cana ceramic\u0103 cu capacitate de 480 ml, \u00eentr-o culoare alb\u0103 elegant\u0103. Design distins \u00een combina\u021bie ceramic\u0103 cu un m\u00e2ner din<\/p>","protected":false},"featured_media":131268,"comment_status":"open","ping_status":"closed","template":"","meta":[],"product_brand":[],"product_cat":[197],"product_tag":[],"class_list":{"0":"post-91775","1":"product","2":"type-product","3":"status-publish","4":"has-post-thumbnail","6":"product_cat-articole-durabile","8":"first","9":"instock","10":"shipping-taxable","11":"purchasable","12":"product-type-simple"},"_links":{"self":[{"href":"https:\/\/promis.ro\/ro\/wp-json\/wp\/v2\/product\/91775","targetHints":{"allow":["GET"]}}],"collection":[{"href":"https:\/\/promis.ro\/ro\/wp-json\/wp\/v2\/product"}],"about":[{"href":"https:\/\/promis.ro\/ro\/wp-json\/wp\/v2\/types\/product"}],"replies":[{"embeddable":true,"href":"https:\/\/promis.ro\/ro\/wp-json\/wp\/v2\/comments?post=91775"}],"version-history":[{"count":1,"href":"https:\/\/promis.ro\/ro\/wp-json\/wp\/v2\/product\/91775\/revisions"}],"predecessor-version":[{"id":111250,"href":"https:\/\/promis.ro\/ro\/wp-json\/wp\/v2\/product\/91775\/revisions\/111250"}],"wp:featuredmedia":[{"embeddable":true,"href":"https:\/\/promis.ro\/ro\/wp-json\/wp\/v2\/media\/131268"}],"wp:attachment":[{"href":"https:\/\/promis.ro\/ro\/wp-json\/wp\/v2\/media?parent=91775"}],"wp:term":[{"taxonomy":"product_brand","embeddable":true,"href":"https:\/\/promis.ro\/ro\/wp-json\/wp\/v2\/product_brand?post=91775"},{"taxonomy":"product_cat","embeddable":true,"href":"https:\/\/promis.ro\/ro\/wp-json\/wp\/v2\/product_cat?post=91775"},{"taxonomy":"product_tag","embeddable":true,"href":"https:\/\/promis.ro\/ro\/wp-json\/wp\/v2\/product_tag?post=91775"}],"curies":[{"name":"wp","href":"https:\/\/api.w.org\/{rel}","templated":true}]}}