{"id":91779,"date":"2025-11-04T22:52:45","date_gmt":"2025-11-04T22:52:45","guid":{"rendered":"https:\/\/promis.ro\/product\/azix\/"},"modified":"2025-11-11T15:59:38","modified_gmt":"2025-11-11T15:59:38","slug":"azix","status":"publish","type":"product","link":"https:\/\/promis.ro\/ro\/produs\/azix\/","title":{"rendered":"Azix"},"content":{"rendered":"<p>Cutie de bijuterii pliabil\u0103 din bumbac, pentru stocarea obiectelor personale pre\u021bioase. \u00cen culoare natural\u0103, cu 3 p\u0103r\u021bi diferite: partea superioar\u0103 cu panglici, partea central\u0103 cu buzunar \u0219i partea inferioar\u0103 cu buzunar cu fermoar. Poate fi pliat\u0103 \u0219i fixat\u0103 ferm cu cordonul s\u0103u asortat.<\/p>","protected":false},"excerpt":{"rendered":"<p>Cutie de bijuterii pliabil\u0103 din bumbac, pentru stocarea obiectelor personale pre\u021bioase. \u00cen culoare natural\u0103, cu 3 p\u0103r\u021bi diferite: partea superioar\u0103<\/p>","protected":false},"featured_media":131281,"comment_status":"open","ping_status":"closed","template":"","meta":[],"product_brand":[],"product_cat":[197],"product_tag":[],"class_list":{"0":"post-91779","1":"product","2":"type-product","3":"status-publish","4":"has-post-thumbnail","6":"product_cat-articole-durabile","8":"first","9":"instock","10":"shipping-taxable","11":"purchasable","12":"product-type-simple"},"_links":{"self":[{"href":"https:\/\/promis.ro\/ro\/wp-json\/wp\/v2\/product\/91779","targetHints":{"allow":["GET"]}}],"collection":[{"href":"https:\/\/promis.ro\/ro\/wp-json\/wp\/v2\/product"}],"about":[{"href":"https:\/\/promis.ro\/ro\/wp-json\/wp\/v2\/types\/product"}],"replies":[{"embeddable":true,"href":"https:\/\/promis.ro\/ro\/wp-json\/wp\/v2\/comments?post=91779"}],"version-history":[{"count":1,"href":"https:\/\/promis.ro\/ro\/wp-json\/wp\/v2\/product\/91779\/revisions"}],"predecessor-version":[{"id":111240,"href":"https:\/\/promis.ro\/ro\/wp-json\/wp\/v2\/product\/91779\/revisions\/111240"}],"wp:featuredmedia":[{"embeddable":true,"href":"https:\/\/promis.ro\/ro\/wp-json\/wp\/v2\/media\/131281"}],"wp:attachment":[{"href":"https:\/\/promis.ro\/ro\/wp-json\/wp\/v2\/media?parent=91779"}],"wp:term":[{"taxonomy":"product_brand","embeddable":true,"href":"https:\/\/promis.ro\/ro\/wp-json\/wp\/v2\/product_brand?post=91779"},{"taxonomy":"product_cat","embeddable":true,"href":"https:\/\/promis.ro\/ro\/wp-json\/wp\/v2\/product_cat?post=91779"},{"taxonomy":"product_tag","embeddable":true,"href":"https:\/\/promis.ro\/ro\/wp-json\/wp\/v2\/product_tag?post=91779"}],"curies":[{"name":"wp","href":"https:\/\/api.w.org\/{rel}","templated":true}]}}