{"id":91780,"date":"2025-11-04T22:52:45","date_gmt":"2025-11-04T22:52:45","guid":{"rendered":"https:\/\/promis.ro\/product\/theris\/"},"modified":"2025-11-11T15:59:42","modified_gmt":"2025-11-11T15:59:42","slug":"theris","status":"publish","type":"product","link":"https:\/\/promis.ro\/ro\/produs\/theris\/","title":{"rendered":"Theris"},"content":{"rendered":"<p>Geant\u0103 de toalet\u0103 din bumbac reciclat, \u00eentr-o nuan\u021b\u0103 natural\u0103 elegant\u0103. Compartiment principal cu \u00eenchidere cu fermoar \u0219i curea de transport asortat\u0103. Include etichet\u0103 exterioar\u0103 cu logo-ul bumbacului reciclat.<\/p>","protected":false},"excerpt":{"rendered":"<p>Geant\u0103 de toalet\u0103 din bumbac reciclat, \u00eentr-o nuan\u021b\u0103 natural\u0103 elegant\u0103. Compartiment principal cu \u00eenchidere cu fermoar \u0219i curea de transport<\/p>","protected":false},"featured_media":131286,"comment_status":"open","ping_status":"closed","template":"","meta":[],"product_brand":[],"product_cat":[181],"product_tag":[],"class_list":{"0":"post-91780","1":"product","2":"type-product","3":"status-publish","4":"has-post-thumbnail","6":"product_cat-ingrijire-personala-si-farmaceutica","8":"first","9":"instock","10":"shipping-taxable","11":"purchasable","12":"product-type-simple"},"_links":{"self":[{"href":"https:\/\/promis.ro\/ro\/wp-json\/wp\/v2\/product\/91780","targetHints":{"allow":["GET"]}}],"collection":[{"href":"https:\/\/promis.ro\/ro\/wp-json\/wp\/v2\/product"}],"about":[{"href":"https:\/\/promis.ro\/ro\/wp-json\/wp\/v2\/types\/product"}],"replies":[{"embeddable":true,"href":"https:\/\/promis.ro\/ro\/wp-json\/wp\/v2\/comments?post=91780"}],"version-history":[{"count":1,"href":"https:\/\/promis.ro\/ro\/wp-json\/wp\/v2\/product\/91780\/revisions"}],"predecessor-version":[{"id":111239,"href":"https:\/\/promis.ro\/ro\/wp-json\/wp\/v2\/product\/91780\/revisions\/111239"}],"wp:featuredmedia":[{"embeddable":true,"href":"https:\/\/promis.ro\/ro\/wp-json\/wp\/v2\/media\/131286"}],"wp:attachment":[{"href":"https:\/\/promis.ro\/ro\/wp-json\/wp\/v2\/media?parent=91780"}],"wp:term":[{"taxonomy":"product_brand","embeddable":true,"href":"https:\/\/promis.ro\/ro\/wp-json\/wp\/v2\/product_brand?post=91780"},{"taxonomy":"product_cat","embeddable":true,"href":"https:\/\/promis.ro\/ro\/wp-json\/wp\/v2\/product_cat?post=91780"},{"taxonomy":"product_tag","embeddable":true,"href":"https:\/\/promis.ro\/ro\/wp-json\/wp\/v2\/product_tag?post=91780"}],"curies":[{"name":"wp","href":"https:\/\/api.w.org\/{rel}","templated":true}]}}