{"id":91781,"date":"2025-11-04T22:52:46","date_gmt":"2025-11-04T22:52:46","guid":{"rendered":"https:\/\/promis.ro\/product\/belix\/"},"modified":"2025-11-11T16:01:16","modified_gmt":"2025-11-11T16:01:16","slug":"belix","status":"publish","type":"product","link":"https:\/\/promis.ro\/ro\/produs\/belix\/","title":{"rendered":"Belix"},"content":{"rendered":"<p>Cazuri fabricate din bumbac reciclat. Compartiment principal cu \u00eenchidere cu fermoar \u0219i m\u00e2nere de culoare natural\u0103. Disponibile \u00eentr-o gam\u0103 de culori str\u0103lucitoare. Cu etichet\u0103 din bumbac reciclat \u0219i prezentate \u00eentr-o pung\u0103 individual\u0103 reciclat\u0103.<\/p>","protected":false},"excerpt":{"rendered":"<p>Cazuri fabricate din bumbac reciclat. Compartiment principal cu \u00eenchidere cu fermoar \u0219i m\u00e2nere de culoare natural\u0103. Disponibile \u00eentr-o gam\u0103 de<\/p>","protected":false},"featured_media":131290,"comment_status":"open","ping_status":"closed","template":"","meta":[],"product_brand":[],"product_cat":[181],"product_tag":[],"class_list":{"0":"post-91781","1":"product","2":"type-product","3":"status-publish","4":"has-post-thumbnail","6":"product_cat-ingrijire-personala-si-farmaceutica","8":"first","9":"instock","10":"shipping-taxable","11":"purchasable","12":"product-type-variable"},"_links":{"self":[{"href":"https:\/\/promis.ro\/ro\/wp-json\/wp\/v2\/product\/91781","targetHints":{"allow":["GET"]}}],"collection":[{"href":"https:\/\/promis.ro\/ro\/wp-json\/wp\/v2\/product"}],"about":[{"href":"https:\/\/promis.ro\/ro\/wp-json\/wp\/v2\/types\/product"}],"replies":[{"embeddable":true,"href":"https:\/\/promis.ro\/ro\/wp-json\/wp\/v2\/comments?post=91781"}],"version-history":[{"count":1,"href":"https:\/\/promis.ro\/ro\/wp-json\/wp\/v2\/product\/91781\/revisions"}],"predecessor-version":[{"id":111244,"href":"https:\/\/promis.ro\/ro\/wp-json\/wp\/v2\/product\/91781\/revisions\/111244"}],"wp:featuredmedia":[{"embeddable":true,"href":"https:\/\/promis.ro\/ro\/wp-json\/wp\/v2\/media\/131290"}],"wp:attachment":[{"href":"https:\/\/promis.ro\/ro\/wp-json\/wp\/v2\/media?parent=91781"}],"wp:term":[{"taxonomy":"product_brand","embeddable":true,"href":"https:\/\/promis.ro\/ro\/wp-json\/wp\/v2\/product_brand?post=91781"},{"taxonomy":"product_cat","embeddable":true,"href":"https:\/\/promis.ro\/ro\/wp-json\/wp\/v2\/product_cat?post=91781"},{"taxonomy":"product_tag","embeddable":true,"href":"https:\/\/promis.ro\/ro\/wp-json\/wp\/v2\/product_tag?post=91781"}],"curies":[{"name":"wp","href":"https:\/\/api.w.org\/{rel}","templated":true}]}}