{"id":91782,"date":"2025-11-04T22:52:46","date_gmt":"2025-11-04T22:52:46","guid":{"rendered":"https:\/\/promis.ro\/product\/gean\/"},"modified":"2025-11-11T16:01:18","modified_gmt":"2025-11-11T16:01:18","slug":"gean","status":"publish","type":"product","link":"https:\/\/promis.ro\/ro\/produs\/gean\/","title":{"rendered":"Gean"},"content":{"rendered":"<p>Geant\u0103 de frumuse\u021be din RPET, pentru a depozita articolele de igien\u0103 personal\u0103, cu un c\u00e2rlig practic pentru a o ag\u0103\u021ba oriunde. Interiorul util cu buzunare din plas\u0103 respirabil\u0103 pentru a vedea articolele din interior. Cu logo-ul RPET pe etichet\u0103 \u0219i disponibil\u0103 \u00een mai multe culori. Prezentat\u0103 \u00eentr-o geant\u0103 reciclabil\u0103 individual\u0103. Materialul RPET este fabricat din plastic reciclat, promov\u00e2nd astfel reutilizarea de\u0219eurilor din plastic \u0219i ajut\u00e2nd la sustenabilitatea planetei.<\/p>","protected":false},"excerpt":{"rendered":"<p>Geant\u0103 de frumuse\u021be din RPET, pentru a depozita articolele de igien\u0103 personal\u0103, cu un c\u00e2rlig practic pentru a o ag\u0103\u021ba<\/p>","protected":false},"featured_media":131293,"comment_status":"open","ping_status":"closed","template":"","meta":[],"product_brand":[],"product_cat":[197],"product_tag":[],"class_list":{"0":"post-91782","1":"product","2":"type-product","3":"status-publish","4":"has-post-thumbnail","6":"product_cat-articole-durabile","8":"first","9":"instock","10":"shipping-taxable","11":"purchasable","12":"product-type-variable"},"_links":{"self":[{"href":"https:\/\/promis.ro\/ro\/wp-json\/wp\/v2\/product\/91782","targetHints":{"allow":["GET"]}}],"collection":[{"href":"https:\/\/promis.ro\/ro\/wp-json\/wp\/v2\/product"}],"about":[{"href":"https:\/\/promis.ro\/ro\/wp-json\/wp\/v2\/types\/product"}],"replies":[{"embeddable":true,"href":"https:\/\/promis.ro\/ro\/wp-json\/wp\/v2\/comments?post=91782"}],"version-history":[{"count":1,"href":"https:\/\/promis.ro\/ro\/wp-json\/wp\/v2\/product\/91782\/revisions"}],"predecessor-version":[{"id":111253,"href":"https:\/\/promis.ro\/ro\/wp-json\/wp\/v2\/product\/91782\/revisions\/111253"}],"wp:featuredmedia":[{"embeddable":true,"href":"https:\/\/promis.ro\/ro\/wp-json\/wp\/v2\/media\/131293"}],"wp:attachment":[{"href":"https:\/\/promis.ro\/ro\/wp-json\/wp\/v2\/media?parent=91782"}],"wp:term":[{"taxonomy":"product_brand","embeddable":true,"href":"https:\/\/promis.ro\/ro\/wp-json\/wp\/v2\/product_brand?post=91782"},{"taxonomy":"product_cat","embeddable":true,"href":"https:\/\/promis.ro\/ro\/wp-json\/wp\/v2\/product_cat?post=91782"},{"taxonomy":"product_tag","embeddable":true,"href":"https:\/\/promis.ro\/ro\/wp-json\/wp\/v2\/product_tag?post=91782"}],"curies":[{"name":"wp","href":"https:\/\/api.w.org\/{rel}","templated":true}]}}