{"id":91784,"date":"2025-11-04T22:52:47","date_gmt":"2025-11-04T22:52:47","guid":{"rendered":"https:\/\/promis.ro\/product\/tashi\/"},"modified":"2025-11-11T15:59:58","modified_gmt":"2025-11-11T15:59:58","slug":"tashi","status":"publish","type":"product","link":"https:\/\/promis.ro\/ro\/produs\/tashi\/","title":{"rendered":"Tashi"},"content":{"rendered":"<p>Geant\u0103 de frumuse\u021be multifunc\u021bional\u0103 \u00eentr-o combina\u021bie de jute laminat \u0219i piele PU. Cu \u00eenchidere cu fermoar, m\u00e2nere metalice \u0219i cadru central asortat din piele PU de culoare natural\u0103. Prezentat\u0103 \u00eentr-o geant\u0103 individual\u0103.<\/p>","protected":false},"excerpt":{"rendered":"<p>Geant\u0103 de frumuse\u021be multifunc\u021bional\u0103 \u00eentr-o combina\u021bie de jute laminat \u0219i piele PU. Cu \u00eenchidere cu fermoar, m\u00e2nere metalice \u0219i cadru<\/p>","protected":false},"featured_media":131301,"comment_status":"open","ping_status":"closed","template":"","meta":[],"product_brand":[],"product_cat":[188],"product_tag":[],"class_list":{"0":"post-91784","1":"product","2":"type-product","3":"status-publish","4":"has-post-thumbnail","6":"product_cat-vara-si-plaja","8":"first","9":"instock","10":"shipping-taxable","11":"purchasable","12":"product-type-simple"},"_links":{"self":[{"href":"https:\/\/promis.ro\/ro\/wp-json\/wp\/v2\/product\/91784","targetHints":{"allow":["GET"]}}],"collection":[{"href":"https:\/\/promis.ro\/ro\/wp-json\/wp\/v2\/product"}],"about":[{"href":"https:\/\/promis.ro\/ro\/wp-json\/wp\/v2\/types\/product"}],"replies":[{"embeddable":true,"href":"https:\/\/promis.ro\/ro\/wp-json\/wp\/v2\/comments?post=91784"}],"version-history":[{"count":1,"href":"https:\/\/promis.ro\/ro\/wp-json\/wp\/v2\/product\/91784\/revisions"}],"predecessor-version":[{"id":111243,"href":"https:\/\/promis.ro\/ro\/wp-json\/wp\/v2\/product\/91784\/revisions\/111243"}],"wp:featuredmedia":[{"embeddable":true,"href":"https:\/\/promis.ro\/ro\/wp-json\/wp\/v2\/media\/131301"}],"wp:attachment":[{"href":"https:\/\/promis.ro\/ro\/wp-json\/wp\/v2\/media?parent=91784"}],"wp:term":[{"taxonomy":"product_brand","embeddable":true,"href":"https:\/\/promis.ro\/ro\/wp-json\/wp\/v2\/product_brand?post=91784"},{"taxonomy":"product_cat","embeddable":true,"href":"https:\/\/promis.ro\/ro\/wp-json\/wp\/v2\/product_cat?post=91784"},{"taxonomy":"product_tag","embeddable":true,"href":"https:\/\/promis.ro\/ro\/wp-json\/wp\/v2\/product_tag?post=91784"}],"curies":[{"name":"wp","href":"https:\/\/api.w.org\/{rel}","templated":true}]}}